{"id":2106,"date":"2025-04-05T05:39:43","date_gmt":"2025-04-05T03:39:43","guid":{"rendered":"https:\/\/ticketgotour.com\/?page_id=2106"},"modified":"2025-04-06T07:16:08","modified_gmt":"2025-04-06T05:16:08","slug":"legal","status":"publish","type":"page","link":"https:\/\/ticketgotour.com\/en\/legal\/","title":{"rendered":"Legal"},"content":{"rendered":"<div data-elementor-type=\"wp-page\" data-elementor-id=\"2106\" class=\"elementor elementor-2106\" data-elementor-post-type=\"page\">\n\t\t\t\t<div data-particle_enable=\"false\" data-particle-mobile-disabled=\"false\" class=\"elementor-element elementor-element-c5c7255 e-flex e-con-boxed e-con e-parent\" data-id=\"c5c7255\" data-element_type=\"container\" data-e-type=\"container\">\n\t\t\t\t\t<div class=\"e-con-inner\">\n\t\t\t\t<div class=\"elementor-element elementor-element-fa10a09 elementor-widget__width-initial elementor-widget elementor-widget-heading\" data-id=\"fa10a09\" data-element_type=\"widget\" data-e-type=\"widget\" data-widget_type=\"heading.default\">\n\t\t\t\t<div class=\"elementor-widget-container\">\n\t\t\t\t\t<h2 class=\"elementor-heading-title elementor-size-default\">LEGAL<\/h2>\t\t\t\t<\/div>\n\t\t\t\t<\/div>\n\t\t\t\t<div class=\"elementor-element elementor-element-2879ca2 elementor-widget__width-initial elementor-widget elementor-widget-heading\" data-id=\"2879ca2\" data-element_type=\"widget\" data-e-type=\"widget\" data-widget_type=\"heading.default\">\n\t\t\t\t<div class=\"elementor-widget-container\">\n\t\t\t\t\t<h2 class=\"elementor-heading-title elementor-size-default\">General Terms of Access and Use\n<\/h2>\t\t\t\t<\/div>\n\t\t\t\t<\/div>\n\t\t<div data-particle_enable=\"false\" data-particle-mobile-disabled=\"false\" class=\"elementor-element elementor-element-3ba1d52 e-con-full e-flex e-con e-child\" data-id=\"3ba1d52\" data-element_type=\"container\" data-e-type=\"container\">\n\t\t\t\t<div class=\"elementor-element elementor-element-eb7edf5 elementor-widget__width-initial elementor-widget elementor-widget-heading\" data-id=\"eb7edf5\" data-element_type=\"widget\" data-e-type=\"widget\" data-widget_type=\"heading.default\">\n\t\t\t\t<div class=\"elementor-widget-container\">\n\t\t\t\t\t<h3 class=\"elementor-heading-title elementor-size-default\">Legal Notice TicketGo Tour\n\n<\/h3>\t\t\t\t<\/div>\n\t\t\t\t<\/div>\n\t\t\t\t<div class=\"elementor-element elementor-element-b78b127 elementor-widget__width-initial elementor-widget elementor-widget-heading\" data-id=\"b78b127\" data-element_type=\"widget\" data-e-type=\"widget\" data-widget_type=\"heading.default\">\n\t\t\t\t<div class=\"elementor-widget-container\">\n\t\t\t\t\t<h2 class=\"elementor-heading-title elementor-size-default\">1. Legal Information\n<\/h2>\t\t\t\t<\/div>\n\t\t\t\t<\/div>\n\t\t\t\t<div class=\"elementor-element elementor-element-4f09e8d elementor-widget__width-initial elementor-widget elementor-widget-heading\" data-id=\"4f09e8d\" data-element_type=\"widget\" data-e-type=\"widget\" data-widget_type=\"heading.default\">\n\t\t\t\t<div class=\"elementor-widget-container\">\n\t\t\t\t\t<h2 class=\"elementor-heading-title elementor-size-default\">Este sitio web, ticketgotour.com (en lo sucesivo, la Web o Ticketgo Tour), pertenece y es operado por TicketGo O\u00dc, con n\u00famero de identificaci\u00f3n fiscal (VAT) EE102695614 y domicilio en Ulemiste, Valukoja 8\/2 C corpus, 2nd floor, Tallinn, 11415, Estonia.\nLa sociedad consta inscrita en el departamento de registro del Tribunal Provincial de Tartu (c\u00f3digo de registro 16882835).\n\n<br>You can contact us via email at info@ticketgotourism.com<\/br><\/h2>\t\t\t\t<\/div>\n\t\t\t\t<\/div>\n\t\t\t\t<div class=\"elementor-element elementor-element-816d893 elementor-widget__width-initial elementor-widget elementor-widget-heading\" data-id=\"816d893\" data-element_type=\"widget\" data-e-type=\"widget\" data-widget_type=\"heading.default\">\n\t\t\t\t<div class=\"elementor-widget-container\">\n\t\t\t\t\t<h2 class=\"elementor-heading-title elementor-size-default\">2. Purpose of the Website\n<\/h2>\t\t\t\t<\/div>\n\t\t\t\t<\/div>\n\t\t\t\t<div class=\"elementor-element elementor-element-d37a96f elementor-widget__width-initial elementor-widget elementor-widget-heading\" data-id=\"d37a96f\" data-element_type=\"widget\" data-e-type=\"widget\" data-widget_type=\"heading.default\">\n\t\t\t\t<div class=\"elementor-widget-container\">\n\t\t\t\t\t<h2 class=\"elementor-heading-title elementor-size-default\">ticketgotour.com aims to provide users with a ticket booking service for Ticketgo Tour in Barcelona.\n\n<\/h2>\t\t\t\t<\/div>\n\t\t\t\t<\/div>\n\t\t\t\t<div class=\"elementor-element elementor-element-d59d84c elementor-widget__width-initial elementor-widget elementor-widget-heading\" data-id=\"d59d84c\" data-element_type=\"widget\" data-e-type=\"widget\" data-widget_type=\"heading.default\">\n\t\t\t\t<div class=\"elementor-widget-container\">\n\t\t\t\t\t<h2 class=\"elementor-heading-title elementor-size-default\">3. Use of the Website\n<\/h2>\t\t\t\t<\/div>\n\t\t\t\t<\/div>\n\t\t<div data-particle_enable=\"false\" data-particle-mobile-disabled=\"false\" class=\"elementor-element elementor-element-75b88a8 e-con-full e-flex e-con e-child\" data-id=\"75b88a8\" data-element_type=\"container\" data-e-type=\"container\">\n\t\t\t\t<div class=\"elementor-element elementor-element-b9953c4 elementor-widget__width-initial elementor-widget elementor-widget-text-editor\" data-id=\"b9953c4\" data-element_type=\"widget\" data-e-type=\"widget\" data-widget_type=\"text-editor.default\">\n\t\t\t\t<div class=\"elementor-widget-container\">\n\t\t\t\t\t\t\t\t\t<p>The user assumes responsibility for using Ticketgo Tour. The website provides access to various content, including text, graphics, photographs, and other materials (\"Content\") belonging to Ticketgo Tour or third parties.<\/p><p>The user agrees to use the Content and Services offered through the website appropriately and in accordance with the law. This includes, among others, not using them to:<\/p><p>(i) Engage in illegal activities or activities contrary to good faith and public order.<\/p><p>(ii) Cause damage to the physical and logical systems of Ticketgo Tour, its providers, or third parties.<\/p>\t\t\t\t\t\t\t\t<\/div>\n\t\t\t\t<\/div>\n\t\t\t\t<div class=\"elementor-element elementor-element-b7d27c1 elementor-widget__width-initial elementor-widget elementor-widget-text-editor\" data-id=\"b7d27c1\" data-element_type=\"widget\" data-e-type=\"widget\" data-widget_type=\"text-editor.default\">\n\t\t\t\t<div class=\"elementor-widget-container\">\n\t\t\t\t\t\t\t\t\t<p>(iii) Introduce or spread computer viruses or other elements that may cause similar damage.<\/p><p>(iv) Attempt to access, use, or manipulate the data of Ticketgo Tour, its providers, or other users.<\/p><p>(v) Reproduce, copy, distribute, or modify the Content without the authorization of Ticketgo Tour.<\/p><p>(vi) Remove, hide, or manipulate the Content subject to intellectual or industrial property rights of Ticketgo Tour or third parties, as well as technical protection devices or any information mechanism included in the Content.<\/p>\t\t\t\t\t\t\t\t<\/div>\n\t\t\t\t<\/div>\n\t\t\t\t<\/div>\n\t\t\t\t<\/div>\n\t\t\t\t<div class=\"elementor-element elementor-element-8c4de11 elementor-widget__width-inherit elementor-widget elementor-widget-heading\" data-id=\"8c4de11\" data-element_type=\"widget\" data-e-type=\"widget\" data-widget_type=\"heading.default\">\n\t\t\t\t<div class=\"elementor-widget-container\">\n\t\t\t\t\t<h2 class=\"elementor-heading-title elementor-size-default\">Ticketgo Tour warns that the materials contained on this website are provided for informational purposes only and may not be sufficient to make decisions or take positions in specific cases. The materials may not reflect the latest legislation or jurisprudence on the topics addressed and are subject to changes without prior notice.\n<br>\nTicketgo Tour reserves the right to investigate and report any conduct that violates the law and cooperate with authorities in related investigations.\n\n<\/br><\/h2>\t\t\t\t<\/div>\n\t\t\t\t<\/div>\n\t\t<div data-particle_enable=\"false\" data-particle-mobile-disabled=\"false\" class=\"elementor-element elementor-element-fa47fff e-con-full e-flex e-con e-child\" data-id=\"fa47fff\" data-element_type=\"container\" data-e-type=\"container\">\n\t\t\t\t<div class=\"elementor-element elementor-element-f2d0d30 elementor-widget__width-initial elementor-widget elementor-widget-heading\" data-id=\"f2d0d30\" data-element_type=\"widget\" data-e-type=\"widget\" data-widget_type=\"heading.default\">\n\t\t\t\t<div class=\"elementor-widget-container\">\n\t\t\t\t\t<h3 class=\"elementor-heading-title elementor-size-default\">4. Intellectual and Industrial Propertyntellectual and Industrial property\n<\/h3>\t\t\t\t<\/div>\n\t\t\t\t<\/div>\n\t\t\t\t<div class=\"elementor-element elementor-element-8c6f63e elementor-widget__width-initial elementor-widget elementor-widget-heading\" data-id=\"8c6f63e\" data-element_type=\"widget\" data-e-type=\"widget\" data-widget_type=\"heading.default\">\n\t\t\t\t<div class=\"elementor-widget-container\">\n\t\t\t\t\t<h2 class=\"elementor-heading-title elementor-size-default\">All intellectual property rights of the Content and graphic design of the website are the exclusive property of Ticketgo Tour or third parties who have authorized its use. Ticketgo Tour does not grant any license or authorization for the use of its intellectual or industrial property rights or any other rights related to the website, Services, or Content.\n<br>Temporary reproduction and storage of the Content of the website is only allowed to the extent necessary for viewing from a personal device.<br>The legitimacy of the intellectual or industrial property rights of the Content provided by users is the sole responsibility of the users.\n\n<\/br><\/h2>\t\t\t\t<\/div>\n\t\t\t\t<\/div>\n\t\t\t\t<div class=\"elementor-element elementor-element-bc66df8 elementor-widget__width-initial elementor-widget elementor-widget-heading\" data-id=\"bc66df8\" data-element_type=\"widget\" data-e-type=\"widget\" data-widget_type=\"heading.default\">\n\t\t\t\t<div class=\"elementor-widget-container\">\n\t\t\t\t\t<h2 class=\"elementor-heading-title elementor-size-default\">5. Responsibility and Guarantees\n<\/h2>\t\t\t\t<\/div>\n\t\t\t\t<\/div>\n\t\t\t\t<div class=\"elementor-element elementor-element-5445fdb elementor-widget elementor-widget-text-editor\" data-id=\"5445fdb\" data-element_type=\"widget\" data-e-type=\"widget\" data-widget_type=\"text-editor.default\">\n\t\t\t\t<div class=\"elementor-widget-container\">\n\t\t\t\t\t\t\t\t\t<p>Ticketgo Tour declares that it has taken reasonable measures to ensure the proper functioning of the website and the absence of viruses or other harmful components. However, it is not responsible for:<\/p><p>(i) The continuity and availability of the Content and Services.<\/p><p>(ii) Errors in the Content or the correction of defects.<\/p><p>(iii) The presence of viruses or harmful components.<\/p><p>(iv) Damages caused by individuals who violate Ticketgo Tour's security systems.<br \/>The contributions on this website are provided for informational purposes only, and Ticketgo Tour does not guarantee the completeness, accuracy, or timeliness of the Content.<\/p><p>Ticketgo Tour is not responsible for links to other websites and does not control them, so access to these sites is the user's responsibility.<\/p>\t\t\t\t\t\t\t\t<\/div>\n\t\t\t\t<\/div>\n\t\t\t\t<div class=\"elementor-element elementor-element-587fd4d elementor-widget__width-initial elementor-widget elementor-widget-heading\" data-id=\"587fd4d\" data-element_type=\"widget\" data-e-type=\"widget\" data-widget_type=\"heading.default\">\n\t\t\t\t<div class=\"elementor-widget-container\">\n\t\t\t\t\t<h2 class=\"elementor-heading-title elementor-size-default\">6. Links and Hyperlinks\n<\/h2>\t\t\t\t<\/div>\n\t\t\t\t<\/div>\n\t\t<div data-particle_enable=\"false\" data-particle-mobile-disabled=\"false\" class=\"elementor-element elementor-element-bf5084d e-con-full e-flex e-con e-child\" data-id=\"bf5084d\" data-element_type=\"container\" data-e-type=\"container\">\n\t\t\t\t<div class=\"elementor-element elementor-element-0259b5c elementor-widget__width-inherit elementor-widget elementor-widget-text-editor\" data-id=\"0259b5c\" data-element_type=\"widget\" data-e-type=\"widget\" data-widget_type=\"text-editor.default\">\n\t\t\t\t<div class=\"elementor-widget-container\">\n\t\t\t\t\t\t\t\t\t<div class=\"condition\"><div class=\"single__text__box\"><p>The links available on this website aim to provide users with additional information about other sources that can enrich the content offered on this website. Ticketgo Tour does not guarantee or assume responsibility for the functioning or accessibility of linked sites, nor does it suggest, invite, or recommend visiting them. Therefore, Ticketgo Tour does not assume any responsibility for the results obtained by accessing these links or for the establishment of hyperlinks to this site by third parties.<\/p><p>Ticketgo Tour does not conduct periodic reviews of linked content and, consequently, does not assume any responsibility for the content, information, or services that may appear on these linked sites. These links are provided solely for informational purposes and do not imply any relationship between Ticketgo Tour and the individuals or entities owning the linked content or the sites where they are found. Ticketgo Tour is also not responsible for the operation of linked sites or for any possible damages arising from accessing or using them.<\/p><p>Links to the Ticketgo Tour website must comply with the following conditions:<\/p><\/div><div class=\"single__text__box\"><p>a. The establishment of the link does not imply the existence of an agreement, contract, sponsorship, or recommendation by Ticketgo Tour of the linking page.<\/p><p>b. The website establishing the hyperlink must not contain information with illegal, discriminatory content, contrary to commonly accepted ethical principles, or that violates public order, nor should it contain content that infringes third-party rights.<\/p><p>c. Ticketgo Tour may request the removal of a link to its website at any time without the need to provide a specific reason. In such cases, the page establishing the link must immediately remove it as soon as it receives notification from Ticketgo Tour.<\/p><p>d. Ticketgo Tour does not assume any responsibility or guarantee in any way the quality, accuracy, reliability, correctness, or morality of the content or services that the establishment of the hyperlink may offer. The user assumes exclusive responsibility for the consequences, damages, or actions that may result from accessing the hyperlink's website.<\/p><\/div><\/div>\t\t\t\t\t\t\t\t<\/div>\n\t\t\t\t<\/div>\n\t\t\t\t<\/div>\n\t\t\t\t<\/div>\n\t\t<div data-particle_enable=\"false\" data-particle-mobile-disabled=\"false\" class=\"elementor-element elementor-element-222982b e-con-full e-flex e-con e-child\" data-id=\"222982b\" data-element_type=\"container\" data-e-type=\"container\">\n\t\t\t\t<div class=\"elementor-element elementor-element-cc4a184 elementor-widget__width-initial elementor-widget elementor-widget-heading\" data-id=\"cc4a184\" data-element_type=\"widget\" data-e-type=\"widget\" data-widget_type=\"heading.default\">\n\t\t\t\t<div class=\"elementor-widget-container\">\n\t\t\t\t\t<h3 class=\"elementor-heading-title elementor-size-default\">7. Duration and Modifications\n<\/h3>\t\t\t\t<\/div>\n\t\t\t\t<\/div>\n\t\t\t\t<div class=\"elementor-element elementor-element-ff49b5c elementor-widget elementor-widget-text-editor\" data-id=\"ff49b5c\" data-element_type=\"widget\" data-e-type=\"widget\" data-widget_type=\"text-editor.default\">\n\t\t\t\t<div class=\"elementor-widget-container\">\n\t\t\t\t\t\t\t\t\t<p>This Legal Notice and Terms of Use will be in effect indefinitely and may be modified by Ticketgo Tour without prior notice. The applicable terms will be those in force when the user accesses the website.<\/p><p>El acceso y uso del sitio\u00a0 web implican la aceptaci\u00f3n de este Aviso Legal y sus condiciones, as\u00ed como cualquier modificaci\u00f3n realizada en el futuro.<\/p>\t\t\t\t\t\t\t\t<\/div>\n\t\t\t\t<\/div>\n\t\t\t\t<\/div>\n\t\t\t\t\t<\/div>\n\t\t\t\t<\/div>\n\t\t\t\t<\/div>","protected":false},"excerpt":{"rendered":"<p>LEGAL Condiciones generales de acceso y utilizaci\u00f3n Aviso Legal TicketGo Tour 1. Informaci\u00f3n Legal Este sitio web, ticketgotour.com (en lo sucesivo, la Web o Ticketgo Tour), pertenece y es operado por TicketGo O\u00dc, con n\u00famero de identificaci\u00f3n fiscal (VAT) EE102695614 y domicilio en Ulemiste, Valukoja 8\/2 C corpus, 2nd floor, Tallinn, 11415, Estonia. La sociedad [&hellip;]<\/p>\n","protected":false},"author":1,"featured_media":0,"parent":0,"menu_order":0,"comment_status":"closed","ping_status":"closed","template":"","meta":{"_acf_changed":false,"inline_featured_image":false,"site-sidebar-layout":"no-sidebar","site-content-layout":"page-builder","ast-site-content-layout":"full-width-container","site-content-style":"default","site-sidebar-style":"default","ast-global-header-display":"","ast-banner-title-visibility":"","ast-main-header-display":"","ast-hfb-above-header-display":"","ast-hfb-below-header-display":"","ast-hfb-mobile-header-display":"","site-post-title":"disabled","ast-breadcrumbs-content":"","ast-featured-img":"disabled","footer-sml-layout":"","theme-transparent-header-meta":"","adv-header-id-meta":"","stick-header-meta":"","header-above-stick-meta":"","header-main-stick-meta":"","header-below-stick-meta":"","astra-migrate-meta-layouts":"set","ast-page-background-enabled":"default","ast-page-background-meta":{"desktop":{"background-color":"","background-image":"","background-repeat":"repeat","background-position":"center center","background-size":"auto","background-attachment":"scroll","background-type":"","background-media":"","overlay-type":"","overlay-color":"","overlay-opacity":"","overlay-gradient":""},"tablet":{"background-color":"","background-image":"","background-repeat":"repeat","background-position":"center center","background-size":"auto","background-attachment":"scroll","background-type":"","background-media":"","overlay-type":"","overlay-color":"","overlay-opacity":"","overlay-gradient":""},"mobile":{"background-color":"","background-image":"","background-repeat":"repeat","background-position":"center center","background-size":"auto","background-attachment":"scroll","background-type":"","background-media":"","overlay-type":"","overlay-color":"","overlay-opacity":"","overlay-gradient":""}},"ast-content-background-meta":{"desktop":{"background-color":"var(--ast-global-color-5)","background-image":"","background-repeat":"repeat","background-position":"center center","background-size":"auto","background-attachment":"scroll","background-type":"","background-media":"","overlay-type":"","overlay-color":"","overlay-opacity":"","overlay-gradient":""},"tablet":{"background-color":"var(--ast-global-color-5)","background-image":"","background-repeat":"repeat","background-position":"center center","background-size":"auto","background-attachment":"scroll","background-type":"","background-media":"","overlay-type":"","overlay-color":"","overlay-opacity":"","overlay-gradient":""},"mobile":{"background-color":"var(--ast-global-color-5)","background-image":"","background-repeat":"repeat","background-position":"center center","background-size":"auto","background-attachment":"scroll","background-type":"","background-media":"","overlay-type":"","overlay-color":"","overlay-opacity":"","overlay-gradient":""}},"footnotes":""},"class_list":["post-2106","page","type-page","status-publish","hentry"],"acf":[],"_links":{"self":[{"href":"https:\/\/ticketgotour.com\/en\/wp-json\/wp\/v2\/pages\/2106","targetHints":{"allow":["GET"]}}],"collection":[{"href":"https:\/\/ticketgotour.com\/en\/wp-json\/wp\/v2\/pages"}],"about":[{"href":"https:\/\/ticketgotour.com\/en\/wp-json\/wp\/v2\/types\/page"}],"author":[{"embeddable":true,"href":"https:\/\/ticketgotour.com\/en\/wp-json\/wp\/v2\/users\/1"}],"replies":[{"embeddable":true,"href":"https:\/\/ticketgotour.com\/en\/wp-json\/wp\/v2\/comments?post=2106"}],"version-history":[{"count":16,"href":"https:\/\/ticketgotour.com\/en\/wp-json\/wp\/v2\/pages\/2106\/revisions"}],"predecessor-version":[{"id":2134,"href":"https:\/\/ticketgotour.com\/en\/wp-json\/wp\/v2\/pages\/2106\/revisions\/2134"}],"wp:attachment":[{"href":"https:\/\/ticketgotour.com\/en\/wp-json\/wp\/v2\/media?parent=2106"}],"curies":[{"name":"wp","href":"https:\/\/api.w.org\/{rel}","templated":true}]}}