{"id":2097,"date":"2025-04-04T18:16:57","date_gmt":"2025-04-04T16:16:57","guid":{"rendered":"https:\/\/ticketgotour.com\/?page_id=2097"},"modified":"2025-04-06T07:19:21","modified_gmt":"2025-04-06T05:19:21","slug":"politica-de-privacidad-2","status":"publish","type":"page","link":"https:\/\/ticketgotour.com\/fr\/politica-de-privacidad-2\/","title":{"rendered":"Politique de confidentialit\u00e9"},"content":{"rendered":"<div data-elementor-type=\"wp-page\" data-elementor-id=\"2097\" class=\"elementor elementor-2097\" data-elementor-post-type=\"page\">\n\t\t\t\t<div data-particle_enable=\"false\" data-particle-mobile-disabled=\"false\" class=\"elementor-element elementor-element-c5c7255 e-flex e-con-boxed e-con e-parent\" data-id=\"c5c7255\" data-element_type=\"container\" data-e-type=\"container\">\n\t\t\t\t\t<div class=\"e-con-inner\">\n\t\t\t\t<div class=\"elementor-element elementor-element-fa10a09 elementor-widget__width-initial elementor-widget elementor-widget-heading\" data-id=\"fa10a09\" data-element_type=\"widget\" data-e-type=\"widget\" data-widget_type=\"heading.default\">\n\t\t\t\t<div class=\"elementor-widget-container\">\n\t\t\t\t\t<h2 class=\"elementor-heading-title elementor-size-default\">LEGAL<\/h2>\t\t\t\t<\/div>\n\t\t\t\t<\/div>\n\t\t\t\t<div class=\"elementor-element elementor-element-2879ca2 elementor-widget__width-initial elementor-widget elementor-widget-heading\" data-id=\"2879ca2\" data-element_type=\"widget\" data-e-type=\"widget\" data-widget_type=\"heading.default\">\n\t\t\t\t<div class=\"elementor-widget-container\">\n\t\t\t\t\t<h2 class=\"elementor-heading-title elementor-size-default\">Politique de confidentialit\u00e9<\/h2>\t\t\t\t<\/div>\n\t\t\t\t<\/div>\n\t\t<div data-particle_enable=\"false\" data-particle-mobile-disabled=\"false\" class=\"elementor-element elementor-element-3ba1d52 e-con-full e-flex e-con e-child\" data-id=\"3ba1d52\" data-element_type=\"container\" data-e-type=\"container\">\n\t\t\t\t<div class=\"elementor-element elementor-element-71f2eab elementor-widget__width-initial elementor-widget elementor-widget-heading\" data-id=\"71f2eab\" data-element_type=\"widget\" data-e-type=\"widget\" data-widget_type=\"heading.default\">\n\t\t\t\t<div class=\"elementor-widget-container\">\n\t\t\t\t\t<h2 class=\"elementor-heading-title elementor-size-default\">Responsable: TicketGo O\u00dc<br>\nCIF: EE102695614<br>\nDirecci\u00f3n postal: Ulemiste, Valukoja 8\/2 C corpus, 2nd, Tallinn, 11415, Estonia\n<br>E-mail: info@ticketgotourism.com<\/h2>\t\t\t\t<\/div>\n\t\t\t\t<\/div>\n\t\t\t\t<div class=\"elementor-element elementor-element-eb7edf5 elementor-widget__width-initial elementor-widget elementor-widget-heading\" data-id=\"eb7edf5\" data-element_type=\"widget\" data-e-type=\"widget\" data-widget_type=\"heading.default\">\n\t\t\t\t<div class=\"elementor-widget-container\">\n\t\t\t\t\t<h3 class=\"elementor-heading-title elementor-size-default\">Information et consentement<\/h3>\t\t\t\t<\/div>\n\t\t\t\t<\/div>\n\t\t\t\t<div class=\"elementor-element elementor-element-4f09e8d elementor-widget__width-initial elementor-widget elementor-widget-heading\" data-id=\"4f09e8d\" data-element_type=\"widget\" data-e-type=\"widget\" data-widget_type=\"heading.default\">\n\t\t\t\t<div class=\"elementor-widget-container\">\n\t\t\t\t\t<h2 class=\"elementor-heading-title elementor-size-default\">Al leer esta Pol\u00edtica de Privacidad, el usuario queda informado sobre c\u00f3mo TicketGo O\u00dc (en lo sucesivo Ticketgo Tour) recopila, trata y protege los datos personales que se facilitan a trav\u00e9s del sitio web ticketgotour.com (en adelante, el \u00abSitio Web\u00bb). Adem\u00e1s, se incluyen los datos derivados de la navegaci\u00f3n y cualquier otra informaci\u00f3n que se pueda proporcionar a Ticketgo Tour en el futuro. Hemos redactado esta pol\u00edtica para que puedas entender f\u00e1cilmente c\u00f3mo tus datos son tratados por Ticketgo Tour.\n\nSi necesitas aclaraciones adicionales, no dudes en contactarnos.<\/h2>\t\t\t\t<\/div>\n\t\t\t\t<\/div>\n\t\t\t\t<div class=\"elementor-element elementor-element-816d893 elementor-widget__width-initial elementor-widget elementor-widget-heading\" data-id=\"816d893\" data-element_type=\"widget\" data-e-type=\"widget\" data-widget_type=\"heading.default\">\n\t\t\t\t<div class=\"elementor-widget-container\">\n\t\t\t\t\t<h2 class=\"elementor-heading-title elementor-size-default\">Caract\u00e8re obligatoire de la fourniture des donn\u00e9es<\/h2>\t\t\t\t<\/div>\n\t\t\t\t<\/div>\n\t\t\t\t<div class=\"elementor-element elementor-element-d37a96f elementor-widget__width-initial elementor-widget elementor-widget-heading\" data-id=\"d37a96f\" data-element_type=\"widget\" data-e-type=\"widget\" data-widget_type=\"heading.default\">\n\t\t\t\t<div class=\"elementor-widget-container\">\n\t\t\t\t\t<h2 class=\"elementor-heading-title elementor-size-default\">Les donn\u00e9es demand\u00e9es dans les formulaires du Site Web sont, en g\u00e9n\u00e9ral, obligatoires (sauf indication contraire) pour r\u00e9pondre aux finalit\u00e9s \u00e9tablies. Si ces donn\u00e9es ne sont pas fournies ou sont incorrectes, nous ne pourrons pas r\u00e9pondre ad\u00e9quatement \u00e0 vos demandes.<\/h2>\t\t\t\t<\/div>\n\t\t\t\t<\/div>\n\t\t\t\t<div class=\"elementor-element elementor-element-d59d84c elementor-widget__width-initial elementor-widget elementor-widget-heading\" data-id=\"d59d84c\" data-element_type=\"widget\" data-e-type=\"widget\" data-widget_type=\"heading.default\">\n\t\t\t\t<div class=\"elementor-widget-container\">\n\t\t\t\t\t<h2 class=\"elementor-heading-title elementor-size-default\">\u00c0 quelles fins traiterons-nous vos donn\u00e9es personnelles?<\/h2>\t\t\t\t<\/div>\n\t\t\t\t<\/div>\n\t\t<div data-particle_enable=\"false\" data-particle-mobile-disabled=\"false\" class=\"elementor-element elementor-element-75b88a8 e-con-full e-flex e-con e-child\" data-id=\"75b88a8\" data-element_type=\"container\" data-e-type=\"container\">\n\t\t\t\t<div class=\"elementor-element elementor-element-b9953c4 elementor-widget__width-initial elementor-widget elementor-widget-text-editor\" data-id=\"b9953c4\" data-element_type=\"widget\" data-e-type=\"widget\" data-widget_type=\"text-editor.default\">\n\t\t\t\t<div class=\"elementor-widget-container\">\n\t\t\t\t\t\t\t\t\t<p>Les donn\u00e9es personnelles collect\u00e9es seront trait\u00e9es par Ticketgo Tour pour les finalit\u00e9s suivantes :<\/p><ol type=\"1\"><li>G\u00e9rer les demandes de contact faites via les canaux disponibles sur le Site Web.<\/li><li>G\u00e9rer les achats effectu\u00e9s sur le Site Web, y compris le paiement et la livraison des billets.<\/li><li>R\u00e9aliser des analyses sur l'utilisation du Site Web et comprendre les pr\u00e9f\u00e9rences et comportements des utilisateurs.<\/li><\/ol>\t\t\t\t\t\t\t\t<\/div>\n\t\t\t\t<\/div>\n\t\t\t\t<div class=\"elementor-element elementor-element-b7d27c1 elementor-widget__width-initial elementor-widget elementor-widget-text-editor\" data-id=\"b7d27c1\" data-element_type=\"widget\" data-e-type=\"widget\" data-widget_type=\"text-editor.default\">\n\t\t\t\t<div class=\"elementor-widget-container\">\n\t\t\t\t\t\t\t\t\t<p>4. Enviar comunicaciones comerciales sobre productos y servicios de Ticketgo Tour a menos que se indique lo contrario marcando la casilla correspondiente, o el usuario se oponga a dicho tratamiento.<\/p><p>5. Enviar comunicaciones comerciales (ofertas, promociones, etc.) sobre productos y servicios de terceras empresas con las que Ticketgo Tour colabora, si el usuario da su consentimiento marcando la casilla correspondiente.<\/p><p>6. Realizar an\u00e1lisis de datos del usuario, utilizando fuentes propias y de terceros, para crear perfiles detallados de los productos de inter\u00e9s del usuario, si se autoriza marcando la casilla correspondiente.<\/p>\t\t\t\t\t\t\t\t<\/div>\n\t\t\t\t<\/div>\n\t\t\t\t<\/div>\n\t\t\t\t<\/div>\n\t\t<div data-particle_enable=\"false\" data-particle-mobile-disabled=\"false\" class=\"elementor-element elementor-element-fa47fff e-con-full e-flex e-con e-child\" data-id=\"fa47fff\" data-element_type=\"container\" data-e-type=\"container\">\n\t\t\t\t<div class=\"elementor-element elementor-element-f2d0d30 elementor-widget__width-initial elementor-widget elementor-widget-heading\" data-id=\"f2d0d30\" data-element_type=\"widget\" data-e-type=\"widget\" data-widget_type=\"heading.default\">\n\t\t\t\t<div class=\"elementor-widget-container\">\n\t\t\t\t\t<h3 class=\"elementor-heading-title elementor-size-default\">Pendant combien de temps les donn\u00e9es seront-elles trait\u00e9es?\n<\/h3>\t\t\t\t<\/div>\n\t\t\t\t<\/div>\n\t\t\t\t<div class=\"elementor-element elementor-element-8c6f63e elementor-widget__width-initial elementor-widget elementor-widget-heading\" data-id=\"8c6f63e\" data-element_type=\"widget\" data-e-type=\"widget\" data-widget_type=\"heading.default\">\n\t\t\t\t<div class=\"elementor-widget-container\">\n\t\t\t\t\t<h2 class=\"elementor-heading-title elementor-size-default\">Nous conservons vos donn\u00e9es personnelles aussi longtemps que n\u00e9cessaire pour remplir nos obligations l\u00e9gales et pour les finalit\u00e9s mentionn\u00e9es dans cette politique. Si vous souhaitez vous d\u00e9sinscrire de Ticketgo Tour, vous opposer ou r\u00e9voquer votre consentement, vous pouvez le faire \u00e0 tout moment.<\/h2>\t\t\t\t<\/div>\n\t\t\t\t<\/div>\n\t\t\t\t<div class=\"elementor-element elementor-element-bc66df8 elementor-widget__width-initial elementor-widget elementor-widget-heading\" data-id=\"bc66df8\" data-element_type=\"widget\" data-e-type=\"widget\" data-widget_type=\"heading.default\">\n\t\t\t\t<div class=\"elementor-widget-container\">\n\t\t\t\t\t<h2 class=\"elementor-heading-title elementor-size-default\">Quelles donn\u00e9es de l'utilisateur seront trait\u00e9es par Ticketgo Tour ?\n<\/h2>\t\t\t\t<\/div>\n\t\t\t\t<\/div>\n\t\t\t\t<div class=\"elementor-element elementor-element-5445fdb elementor-widget elementor-widget-text-editor\" data-id=\"5445fdb\" data-element_type=\"widget\" data-e-type=\"widget\" data-widget_type=\"text-editor.default\">\n\t\t\t\t<div class=\"elementor-widget-container\">\n\t\t\t\t\t\t\t\t\t<p>Ticketgo Tour traitera les cat\u00e9gories de donn\u00e9es suivantes :<\/p><ul><li>Donn\u00e9es d'identification : nom, pr\u00e9nom, carte nationale d'identit\u00e9 ou num\u00e9ro d'identification d'\u00e9tranger et image.<\/li><li>Donn\u00e9es de contact : adresse e-mail.<\/li><li>Donn\u00e9es de navigation.<\/li><\/ul><p>Si vous fournissez des donn\u00e9es de tiers, vous confirmez que vous avez leur consentement ou l'autorisation n\u00e9cessaire et vous vous engagez \u00e0 les informer de la politique de confidentialit\u00e9. Ticketgo Tour se r\u00e9serve le droit de v\u00e9rifier ces informations, en prenant les mesures n\u00e9cessaires conform\u00e9ment aux lois de protection des donn\u00e9es.<\/p>\t\t\t\t\t\t\t\t<\/div>\n\t\t\t\t<\/div>\n\t\t\t\t<div class=\"elementor-element elementor-element-587fd4d elementor-widget__width-initial elementor-widget elementor-widget-heading\" data-id=\"587fd4d\" data-element_type=\"widget\" data-e-type=\"widget\" data-widget_type=\"heading.default\">\n\t\t\t\t<div class=\"elementor-widget-container\">\n\t\t\t\t\t<h2 class=\"elementor-heading-title elementor-size-default\">Quelle est la base l\u00e9gale pour le traitement de vos donn\u00e9es ?\n<\/h2>\t\t\t\t<\/div>\n\t\t\t\t<\/div>\n\t\t<div data-particle_enable=\"false\" data-particle-mobile-disabled=\"false\" class=\"elementor-element elementor-element-bf5084d e-con-full e-flex e-con e-child\" data-id=\"bf5084d\" data-element_type=\"container\" data-e-type=\"container\">\n\t\t\t\t<div class=\"elementor-element elementor-element-0259b5c elementor-widget__width-inherit elementor-widget elementor-widget-text-editor\" data-id=\"0259b5c\" data-element_type=\"widget\" data-e-type=\"widget\" data-widget_type=\"text-editor.default\">\n\t\t\t\t<div class=\"elementor-widget-container\">\n\t\t\t\t\t\t\t\t\t<ul><li>Le traitement des donn\u00e9es pour l'achat de produits via le Site Web est n\u00e9cessaire pour ex\u00e9cuter le contrat entre l'utilisateur et Ticketgo Tour.<\/li><li>Le traitement \u00e0 des fins de marketing est bas\u00e9 sur l'int\u00e9r\u00eat l\u00e9gitime de Ticketgo Tour lorsque l'utilisateur a achet\u00e9 des produits ou services de notre entreprise. En l'absence de cette relation contractuelle, le traitement des donn\u00e9es sera bas\u00e9 sur le consentement de l'utilisateur selon la r\u00e9glementation en vigueur.<\/li><li>Les communications commerciales d'entreprises tierces et la cr\u00e9ation de profils sont bas\u00e9es sur le consentement de l'utilisateur.<\/li><\/ul>\t\t\t\t\t\t\t\t<\/div>\n\t\t\t\t<\/div>\n\t\t\t\t<\/div>\n\t\t\t\t<\/div>\n\t\t<div data-particle_enable=\"false\" data-particle-mobile-disabled=\"false\" class=\"elementor-element elementor-element-222982b e-con-full e-flex e-con e-child\" data-id=\"222982b\" data-element_type=\"container\" data-e-type=\"container\">\n\t\t\t\t<div class=\"elementor-element elementor-element-cc4a184 elementor-widget__width-initial elementor-widget elementor-widget-heading\" data-id=\"cc4a184\" data-element_type=\"widget\" data-e-type=\"widget\" data-widget_type=\"heading.default\">\n\t\t\t\t<div class=\"elementor-widget-container\">\n\t\t\t\t\t<h3 class=\"elementor-heading-title elementor-size-default\">Avec qui partagerons-nous vos donn\u00e9es ?\n<\/h3>\t\t\t\t<\/div>\n\t\t\t\t<\/div>\n\t\t\t\t<div class=\"elementor-element elementor-element-ff49b5c elementor-widget elementor-widget-text-editor\" data-id=\"ff49b5c\" data-element_type=\"widget\" data-e-type=\"widget\" data-widget_type=\"text-editor.default\">\n\t\t\t\t<div class=\"elementor-widget-container\">\n\t\t\t\t\t\t\t\t\t<p>Vos donn\u00e9es peuvent \u00eatre partag\u00e9es avec :<\/p><ul><li>Fournisseurs de billets et services connexes, exclusivement pour g\u00e9rer votre achat.<\/li><li>Entreprises du groupe Ticketgo Tour pour envoyer des communications commerciales, si l'utilisateur en est conscient.<\/li><li>Autorit\u00e9s nationales et\/ou europ\u00e9ennes comp\u00e9tentes selon la loi applicable.<\/li><\/ul><p>Les fournisseurs de Ticketgo Tour peuvent acc\u00e9der \u00e0 vos donn\u00e9es pour remplir les obligations l\u00e9gales et les finalit\u00e9s mentionn\u00e9es ci-dessus. Ces fournisseurs n'utiliseront pas vos donn\u00e9es \u00e0 leurs propres fins sans notification pr\u00e9alable de la part de Ticketgo Tour.<\/p>\t\t\t\t\t\t\t\t<\/div>\n\t\t\t\t<\/div>\n\t\t\t\t<div class=\"elementor-element elementor-element-9801bb6 elementor-widget__width-initial elementor-widget elementor-widget-heading\" data-id=\"9801bb6\" data-element_type=\"widget\" data-e-type=\"widget\" data-widget_type=\"heading.default\">\n\t\t\t\t<div class=\"elementor-widget-container\">\n\t\t\t\t\t<h2 class=\"elementor-heading-title elementor-size-default\">Transferts internationaux\n<\/h2>\t\t\t\t<\/div>\n\t\t\t\t<\/div>\n\t\t\t\t<div class=\"elementor-element elementor-element-cbe2cc4 elementor-widget__width-initial elementor-widget elementor-widget-heading\" data-id=\"cbe2cc4\" data-element_type=\"widget\" data-e-type=\"widget\" data-widget_type=\"heading.default\">\n\t\t\t\t<div class=\"elementor-widget-container\">\n\t\t\t\t\t<h2 class=\"elementor-heading-title elementor-size-default\">Nous utilisons Google Analytics 4 pour analyser le trafic du site web. Les adresses IP sont anonymis\u00e9es avant d'\u00eatre trait\u00e9es par Google Analytics. Google peut transf\u00e9rer et stocker des donn\u00e9es sur des serveurs en dehors de l'Union Europ\u00e9enne. Pour plus d'informations sur la confidentialit\u00e9 de Google Analytics, consultez le lien fourni.\n\n<\/h2>\t\t\t\t<\/div>\n\t\t\t\t<\/div>\n\t\t\t\t<div class=\"elementor-element elementor-element-d62677a elementor-widget__width-initial elementor-widget elementor-widget-heading\" data-id=\"d62677a\" data-element_type=\"widget\" data-e-type=\"widget\" data-widget_type=\"heading.default\">\n\t\t\t\t<div class=\"elementor-widget-container\">\n\t\t\t\t\t<h2 class=\"elementor-heading-title elementor-size-default\">Exercice des droits\n<\/h2>\t\t\t\t<\/div>\n\t\t\t\t<\/div>\n\t\t<div data-particle_enable=\"false\" data-particle-mobile-disabled=\"false\" class=\"elementor-element elementor-element-43976e4 e-con-full e-flex e-con e-child\" data-id=\"43976e4\" data-element_type=\"container\" data-e-type=\"container\">\n\t\t\t\t<div class=\"elementor-element elementor-element-2c5957e elementor-widget__width-inherit elementor-widget elementor-widget-text-editor\" data-id=\"2c5957e\" data-element_type=\"widget\" data-e-type=\"widget\" data-widget_type=\"text-editor.default\">\n\t\t\t\t<div class=\"elementor-widget-container\">\n\t\t\t\t\t\t\t\t\t<p>Ticketgo Tour garantit l'exercice gratuit de vos droits d'acc\u00e8s, de rectification, de suppression, de limitation, d'opposition et de portabilit\u00e9. Vous pouvez obtenir plus d'informations sur ces droits via le lien fourni. Vous pouvez exercer vos droits via votre profil dans la section GDPR, en modifiant vos donn\u00e9es ou en retirant votre consentement. Vous pouvez \u00e9galement nous \u00e9crire \u00e0 info@ticketgotourism.com en sp\u00e9cifiant le droit que vous souhaitez exercer et en joignant une copie de votre pi\u00e8ce d'identit\u00e9.\u00a0<a class=\"text-decoration-underline\" href=\"mailto:info@ticketgotourism.com\">info@ticketgotourism.com<\/a>\u00a0la sp\u00e9cification du c\u00f4t\u00e9 droit que vous souhaitez exercer et en joignant une copie de votre pi\u00e8ce d&#039;identit\u00e9.<\/p><p>Vous avez le droit de d\u00e9poser une plainte aupr\u00e8s de l'Agence espagnole de protection des donn\u00e9es.<\/p>\t\t\t\t\t\t\t\t<\/div>\n\t\t\t\t<\/div>\n\t\t\t\t<\/div>\n\t\t\t\t<\/div>\n\t\t<div data-particle_enable=\"false\" data-particle-mobile-disabled=\"false\" class=\"elementor-element elementor-element-d3e5853 e-con-full e-flex e-con e-child\" data-id=\"d3e5853\" data-element_type=\"container\" data-e-type=\"container\">\n\t\t\t\t<div class=\"elementor-element elementor-element-e5471b2 elementor-widget__width-initial elementor-widget elementor-widget-heading\" data-id=\"e5471b2\" data-element_type=\"widget\" data-e-type=\"widget\" data-widget_type=\"heading.default\">\n\t\t\t\t<div class=\"elementor-widget-container\">\n\t\t\t\t\t<h3 class=\"elementor-heading-title elementor-size-default\">S\u00e9curit\u00e9 et confidentialit\u00e9\n<\/h3>\t\t\t\t<\/div>\n\t\t\t\t<\/div>\n\t\t\t\t<div class=\"elementor-element elementor-element-7b4d4e9 elementor-widget elementor-widget-text-editor\" data-id=\"7b4d4e9\" data-element_type=\"widget\" data-e-type=\"widget\" data-widget_type=\"text-editor.default\">\n\t\t\t\t<div class=\"elementor-widget-container\">\n\t\t\t\t\t\t\t\t\t<div class=\"single__text__box\"><p>Ticketgo Tour s'engage \u00e0 garantir la s\u00e9curit\u00e9, la confidentialit\u00e9 et le secret de vos donn\u00e9es. Nous avons mis en place des mesures techniques et organisationnelles pour prot\u00e9ger vos donn\u00e9es contre la perte, l'utilisation abusive ou l'acc\u00e8s non autoris\u00e9.<\/p><\/div><div class=\"single__text__box\">\u00a0<\/div>\t\t\t\t\t\t\t\t<\/div>\n\t\t\t\t<\/div>\n\t\t\t\t<div class=\"elementor-element elementor-element-9705e41 elementor-widget__width-initial elementor-widget elementor-widget-heading\" data-id=\"9705e41\" data-element_type=\"widget\" data-e-type=\"widget\" data-widget_type=\"heading.default\">\n\t\t\t\t<div class=\"elementor-widget-container\">\n\t\t\t\t\t<h2 class=\"elementor-heading-title elementor-size-default\">Modifications de la politique\n<\/h2>\t\t\t\t<\/div>\n\t\t\t\t<\/div>\n\t\t\t\t<div class=\"elementor-element elementor-element-4b5a374 elementor-widget__width-initial elementor-widget elementor-widget-heading\" data-id=\"4b5a374\" data-element_type=\"widget\" data-e-type=\"widget\" data-widget_type=\"heading.default\">\n\t\t\t\t<div class=\"elementor-widget-container\">\n\t\t\t\t\t<h2 class=\"elementor-heading-title elementor-size-default\">Ticketgo Tour puede actualizar esta Pol\u00edtica de Privacidad comunic\u00e1ndoselo al cliente si se introducen nuevos tratamientos de datos o cambios sustanciales. Te recomendamos revisar esta pol\u00edtica peri\u00f3dicamente.\n\nEn caso de que alguna disposici\u00f3n de estas condiciones se declare ilegal, inv\u00e1lida o no aplicable por una entidad competente, se considerar\u00e1 no vigente sin afectar a las dem\u00e1s disposiciones.<\/h2>\t\t\t\t<\/div>\n\t\t\t\t<\/div>\n\t\t\t\t<\/div>\n\t\t\t\t\t<\/div>\n\t\t\t\t<\/div>\n\t\t\t\t<\/div>","protected":false},"excerpt":{"rendered":"<p>LEGAL Pol\u00edtica de privacidad Responsable: TicketGo O\u00dc CIF: EE102695614 Direcci\u00f3n postal: Ulemiste, Valukoja 8\/2 C corpus, 2nd, Tallinn, 11415, Estonia Correo electr\u00f3nico: info@ticketgotourism.com Informaci\u00f3n y Consentimiento Al leer esta Pol\u00edtica de Privacidad, el usuario queda informado sobre c\u00f3mo TicketGo O\u00dc (en lo sucesivo Ticketgo Tour) recopila, trata y protege los datos personales que se facilitan [&hellip;]<\/p>\n","protected":false},"author":1,"featured_media":0,"parent":0,"menu_order":0,"comment_status":"closed","ping_status":"closed","template":"","meta":{"_acf_changed":false,"inline_featured_image":false,"site-sidebar-layout":"no-sidebar","site-content-layout":"page-builder","ast-site-content-layout":"full-width-container","site-content-style":"default","site-sidebar-style":"default","ast-global-header-display":"","ast-banner-title-visibility":"","ast-main-header-display":"","ast-hfb-above-header-display":"","ast-hfb-below-header-display":"","ast-hfb-mobile-header-display":"","site-post-title":"disabled","ast-breadcrumbs-content":"","ast-featured-img":"disabled","footer-sml-layout":"","theme-transparent-header-meta":"","adv-header-id-meta":"","stick-header-meta":"","header-above-stick-meta":"","header-main-stick-meta":"","header-below-stick-meta":"","astra-migrate-meta-layouts":"set","ast-page-background-enabled":"default","ast-page-background-meta":{"desktop":{"background-color":"","background-image":"","background-repeat":"repeat","background-position":"center center","background-size":"auto","background-attachment":"scroll","background-type":"","background-media":"","overlay-type":"","overlay-color":"","overlay-opacity":"","overlay-gradient":""},"tablet":{"background-color":"","background-image":"","background-repeat":"repeat","background-position":"center center","background-size":"auto","background-attachment":"scroll","background-type":"","background-media":"","overlay-type":"","overlay-color":"","overlay-opacity":"","overlay-gradient":""},"mobile":{"background-color":"","background-image":"","background-repeat":"repeat","background-position":"center center","background-size":"auto","background-attachment":"scroll","background-type":"","background-media":"","overlay-type":"","overlay-color":"","overlay-opacity":"","overlay-gradient":""}},"ast-content-background-meta":{"desktop":{"background-color":"var(--ast-global-color-5)","background-image":"","background-repeat":"repeat","background-position":"center center","background-size":"auto","background-attachment":"scroll","background-type":"","background-media":"","overlay-type":"","overlay-color":"","overlay-opacity":"","overlay-gradient":""},"tablet":{"background-color":"var(--ast-global-color-5)","background-image":"","background-repeat":"repeat","background-position":"center center","background-size":"auto","background-attachment":"scroll","background-type":"","background-media":"","overlay-type":"","overlay-color":"","overlay-opacity":"","overlay-gradient":""},"mobile":{"background-color":"var(--ast-global-color-5)","background-image":"","background-repeat":"repeat","background-position":"center center","background-size":"auto","background-attachment":"scroll","background-type":"","background-media":"","overlay-type":"","overlay-color":"","overlay-opacity":"","overlay-gradient":""}},"footnotes":""},"class_list":["post-2097","page","type-page","status-publish","hentry"],"acf":[],"_links":{"self":[{"href":"https:\/\/ticketgotour.com\/fr\/wp-json\/wp\/v2\/pages\/2097","targetHints":{"allow":["GET"]}}],"collection":[{"href":"https:\/\/ticketgotour.com\/fr\/wp-json\/wp\/v2\/pages"}],"about":[{"href":"https:\/\/ticketgotour.com\/fr\/wp-json\/wp\/v2\/types\/page"}],"author":[{"embeddable":true,"href":"https:\/\/ticketgotour.com\/fr\/wp-json\/wp\/v2\/users\/1"}],"replies":[{"embeddable":true,"href":"https:\/\/ticketgotour.com\/fr\/wp-json\/wp\/v2\/comments?post=2097"}],"version-history":[{"count":10,"href":"https:\/\/ticketgotour.com\/fr\/wp-json\/wp\/v2\/pages\/2097\/revisions"}],"predecessor-version":[{"id":2137,"href":"https:\/\/ticketgotour.com\/fr\/wp-json\/wp\/v2\/pages\/2097\/revisions\/2137"}],"wp:attachment":[{"href":"https:\/\/ticketgotour.com\/fr\/wp-json\/wp\/v2\/media?parent=2097"}],"curies":[{"name":"wp","href":"https:\/\/api.w.org\/{rel}","templated":true}]}}