{"id":2106,"date":"2025-04-05T05:39:43","date_gmt":"2025-04-05T03:39:43","guid":{"rendered":"https:\/\/ticketgotour.com\/?page_id=2106"},"modified":"2025-04-06T07:16:08","modified_gmt":"2025-04-06T05:16:08","slug":"legal","status":"publish","type":"page","link":"https:\/\/ticketgotour.com\/fr\/legal\/","title":{"rendered":"Legal"},"content":{"rendered":"<div data-elementor-type=\"wp-page\" data-elementor-id=\"2106\" class=\"elementor elementor-2106\" data-elementor-post-type=\"page\">\n\t\t\t\t<div data-particle_enable=\"false\" data-particle-mobile-disabled=\"false\" class=\"elementor-element elementor-element-c5c7255 e-flex e-con-boxed e-con e-parent\" data-id=\"c5c7255\" data-element_type=\"container\" data-e-type=\"container\">\n\t\t\t\t\t<div class=\"e-con-inner\">\n\t\t\t\t<div class=\"elementor-element elementor-element-fa10a09 elementor-widget__width-initial elementor-widget elementor-widget-heading\" data-id=\"fa10a09\" data-element_type=\"widget\" data-e-type=\"widget\" data-widget_type=\"heading.default\">\n\t\t\t\t<div class=\"elementor-widget-container\">\n\t\t\t\t\t<h2 class=\"elementor-heading-title elementor-size-default\">LEGAL<\/h2>\t\t\t\t<\/div>\n\t\t\t\t<\/div>\n\t\t\t\t<div class=\"elementor-element elementor-element-2879ca2 elementor-widget__width-initial elementor-widget elementor-widget-heading\" data-id=\"2879ca2\" data-element_type=\"widget\" data-e-type=\"widget\" data-widget_type=\"heading.default\">\n\t\t\t\t<div class=\"elementor-widget-container\">\n\t\t\t\t\t<h2 class=\"elementor-heading-title elementor-size-default\">Conditions g\u00e9n\u00e9rales d'acc\u00e8s et d'utilisation\n<\/h2>\t\t\t\t<\/div>\n\t\t\t\t<\/div>\n\t\t<div data-particle_enable=\"false\" data-particle-mobile-disabled=\"false\" class=\"elementor-element elementor-element-3ba1d52 e-con-full e-flex e-con e-child\" data-id=\"3ba1d52\" data-element_type=\"container\" data-e-type=\"container\">\n\t\t\t\t<div class=\"elementor-element elementor-element-eb7edf5 elementor-widget__width-initial elementor-widget elementor-widget-heading\" data-id=\"eb7edf5\" data-element_type=\"widget\" data-e-type=\"widget\" data-widget_type=\"heading.default\">\n\t\t\t\t<div class=\"elementor-widget-container\">\n\t\t\t\t\t<h3 class=\"elementor-heading-title elementor-size-default\">Mentions l\u00e9gales TicketGo Tour\n\n<\/h3>\t\t\t\t<\/div>\n\t\t\t\t<\/div>\n\t\t\t\t<div class=\"elementor-element elementor-element-b78b127 elementor-widget__width-initial elementor-widget elementor-widget-heading\" data-id=\"b78b127\" data-element_type=\"widget\" data-e-type=\"widget\" data-widget_type=\"heading.default\">\n\t\t\t\t<div class=\"elementor-widget-container\">\n\t\t\t\t\t<h2 class=\"elementor-heading-title elementor-size-default\">1. Informations L\u00e9gales\n<\/h2>\t\t\t\t<\/div>\n\t\t\t\t<\/div>\n\t\t\t\t<div class=\"elementor-element elementor-element-4f09e8d elementor-widget__width-initial elementor-widget elementor-widget-heading\" data-id=\"4f09e8d\" data-element_type=\"widget\" data-e-type=\"widget\" data-widget_type=\"heading.default\">\n\t\t\t\t<div class=\"elementor-widget-container\">\n\t\t\t\t\t<h2 class=\"elementor-heading-title elementor-size-default\">Este sitio web, ticketgotour.com (en lo sucesivo, la Web o Ticketgo Tour), pertenece y es operado por TicketGo O\u00dc, con n\u00famero de identificaci\u00f3n fiscal (VAT) EE102695614 y domicilio en Ulemiste, Valukoja 8\/2 C corpus, 2nd floor, Tallinn, 11415, Estonia.\nLa sociedad consta inscrita en el departamento de registro del Tribunal Provincial de Tartu (c\u00f3digo de registro 16882835).\n\n<br>Vous pouvez nous contacter par e-mail \u00e0 l'adresse info@ticketgotourism.com<\/br><\/h2>\t\t\t\t<\/div>\n\t\t\t\t<\/div>\n\t\t\t\t<div class=\"elementor-element elementor-element-816d893 elementor-widget__width-initial elementor-widget elementor-widget-heading\" data-id=\"816d893\" data-element_type=\"widget\" data-e-type=\"widget\" data-widget_type=\"heading.default\">\n\t\t\t\t<div class=\"elementor-widget-container\">\n\t\t\t\t\t<h2 class=\"elementor-heading-title elementor-size-default\">2. Objet du site web\n<\/h2>\t\t\t\t<\/div>\n\t\t\t\t<\/div>\n\t\t\t\t<div class=\"elementor-element elementor-element-d37a96f elementor-widget__width-initial elementor-widget elementor-widget-heading\" data-id=\"d37a96f\" data-element_type=\"widget\" data-e-type=\"widget\" data-widget_type=\"heading.default\">\n\t\t\t\t<div class=\"elementor-widget-container\">\n\t\t\t\t\t<h2 class=\"elementor-heading-title elementor-size-default\">ticketgotour.com a pour but de fournir aux utilisateurs un service de r\u00e9servation de billets pour Ticketgo Tour de Barcelone.\n\n<\/h2>\t\t\t\t<\/div>\n\t\t\t\t<\/div>\n\t\t\t\t<div class=\"elementor-element elementor-element-d59d84c elementor-widget__width-initial elementor-widget elementor-widget-heading\" data-id=\"d59d84c\" data-element_type=\"widget\" data-e-type=\"widget\" data-widget_type=\"heading.default\">\n\t\t\t\t<div class=\"elementor-widget-container\">\n\t\t\t\t\t<h2 class=\"elementor-heading-title elementor-size-default\">3. Utilisation du site web\n<\/h2>\t\t\t\t<\/div>\n\t\t\t\t<\/div>\n\t\t<div data-particle_enable=\"false\" data-particle-mobile-disabled=\"false\" class=\"elementor-element elementor-element-75b88a8 e-con-full e-flex e-con e-child\" data-id=\"75b88a8\" data-element_type=\"container\" data-e-type=\"container\">\n\t\t\t\t<div class=\"elementor-element elementor-element-b9953c4 elementor-widget__width-initial elementor-widget elementor-widget-text-editor\" data-id=\"b9953c4\" data-element_type=\"widget\" data-e-type=\"widget\" data-widget_type=\"text-editor.default\">\n\t\t\t\t<div class=\"elementor-widget-container\">\n\t\t\t\t\t\t\t\t\t<p>L'utilisateur assume la responsabilit\u00e9 de l'utilisation de Ticketgo Tour. Le site web donne acc\u00e8s \u00e0 divers contenus, textes, graphiques, photographies et autres mat\u00e9riaux (\"Contenus\") appartenant \u00e0 Ticketgo Tour ou \u00e0 des tiers.<\/p><p>L'utilisateur s'engage \u00e0 utiliser les Contenus et Services offerts via le site web de mani\u00e8re appropri\u00e9e et conforme \u00e0 la loi. Cela inclut, entre autres, ne pas les utiliser pour :<\/p><p>(i) Participer \u00e0 des activit\u00e9s ill\u00e9gales ou contraires \u00e0 la bonne foi et \u00e0 l'ordre public.<\/p><p>(ii) Causer des dommages aux syst\u00e8mes physiques et logiques de Ticketgo Tour, de ses fournisseurs ou de tiers.<\/p>\t\t\t\t\t\t\t\t<\/div>\n\t\t\t\t<\/div>\n\t\t\t\t<div class=\"elementor-element elementor-element-b7d27c1 elementor-widget__width-initial elementor-widget elementor-widget-text-editor\" data-id=\"b7d27c1\" data-element_type=\"widget\" data-e-type=\"widget\" data-widget_type=\"text-editor.default\">\n\t\t\t\t<div class=\"elementor-widget-container\">\n\t\t\t\t\t\t\t\t\t<p>(iii) Introduire ou diffuser des virus informatiques ou d'autres \u00e9l\u00e9ments pouvant causer des dommages similaires.<\/p><p>(iv) Tenter d'acc\u00e9der, d'utiliser ou de manipuler les donn\u00e9es de Ticketgo Tour, de ses fournisseurs ou d'autres utilisateurs.<\/p><p>(v) Reproduire, copier, distribuer ou modifier les Contenus sans l'autorisation de Ticketgo Tour<\/p><p>(vi) Supprimer, masquer ou manipuler les Contenus soumis \u00e0 des droits de propri\u00e9t\u00e9 intellectuelle ou industrielle de Ticketgo Tour ou de tiers, ainsi que les dispositifs techniques de protection ou tout m\u00e9canisme d'information inclus dans les Contenus.<\/p>\t\t\t\t\t\t\t\t<\/div>\n\t\t\t\t<\/div>\n\t\t\t\t<\/div>\n\t\t\t\t<\/div>\n\t\t\t\t<div class=\"elementor-element elementor-element-8c4de11 elementor-widget__width-inherit elementor-widget elementor-widget-heading\" data-id=\"8c4de11\" data-element_type=\"widget\" data-e-type=\"widget\" data-widget_type=\"heading.default\">\n\t\t\t\t<div class=\"elementor-widget-container\">\n\t\t\t\t\t<h2 class=\"elementor-heading-title elementor-size-default\">Ticketgo Tour avertit que les mat\u00e9riaux contenus dans ce site web sont fournis uniquement \u00e0 titre informatif et peuvent ne pas \u00eatre suffisants pour prendre des d\u00e9cisions ou assumer des positions dans des cas sp\u00e9cifiques. Les mat\u00e9riaux peuvent ne pas refl\u00e9ter la l\u00e9gislation ou la jurisprudence la plus r\u00e9cente sur les sujets trait\u00e9s et sont sujets \u00e0 modification sans pr\u00e9avis.\n<br>\nTicketgo Tour se r\u00e9serve le droit d'enqu\u00eater et de signaler toute conduite enfreignant la loi et de coop\u00e9rer avec les autorit\u00e9s dans les enqu\u00eates relatives \u00e0 ces conduites.\n\n<\/br><\/h2>\t\t\t\t<\/div>\n\t\t\t\t<\/div>\n\t\t<div data-particle_enable=\"false\" data-particle-mobile-disabled=\"false\" class=\"elementor-element elementor-element-fa47fff e-con-full e-flex e-con e-child\" data-id=\"fa47fff\" data-element_type=\"container\" data-e-type=\"container\">\n\t\t\t\t<div class=\"elementor-element elementor-element-f2d0d30 elementor-widget__width-initial elementor-widget elementor-widget-heading\" data-id=\"f2d0d30\" data-element_type=\"widget\" data-e-type=\"widget\" data-widget_type=\"heading.default\">\n\t\t\t\t<div class=\"elementor-widget-container\">\n\t\t\t\t\t<h3 class=\"elementor-heading-title elementor-size-default\">4. Propri\u00e9t\u00e9 intellectuelle et industrielle\n<\/h3>\t\t\t\t<\/div>\n\t\t\t\t<\/div>\n\t\t\t\t<div class=\"elementor-element elementor-element-8c6f63e elementor-widget__width-initial elementor-widget elementor-widget-heading\" data-id=\"8c6f63e\" data-element_type=\"widget\" data-e-type=\"widget\" data-widget_type=\"heading.default\">\n\t\t\t\t<div class=\"elementor-widget-container\">\n\t\t\t\t\t<h2 class=\"elementor-heading-title elementor-size-default\">Tous les droits de propri\u00e9t\u00e9 intellectuelle sur les Contenus et le design graphique du site web sont la propri\u00e9t\u00e9 exclusive de Ticketgo Tour ou de tiers ayant autoris\u00e9 leur utilisation. Ticketgo Tour n'accorde aucune licence ou autorisation pour l'utilisation de ses droits de propri\u00e9t\u00e9 intellectuelle ou industrielle ou tout autre droit li\u00e9 au site web, aux Services ou aux Contenus.\n<br>La reproduction et le stockage temporaire des Contenus du site web sont autoris\u00e9s uniquement dans la mesure n\u00e9cessaire pour les visualiser depuis un appareil personnel.<br>La l\u00e9gitimit\u00e9 des droits de propri\u00e9t\u00e9 intellectuelle ou industrielle sur les Contenus fournis par les utilisateurs est de la seule responsabilit\u00e9 de ceux-ci.\n\n<\/br><\/h2>\t\t\t\t<\/div>\n\t\t\t\t<\/div>\n\t\t\t\t<div class=\"elementor-element elementor-element-bc66df8 elementor-widget__width-initial elementor-widget elementor-widget-heading\" data-id=\"bc66df8\" data-element_type=\"widget\" data-e-type=\"widget\" data-widget_type=\"heading.default\">\n\t\t\t\t<div class=\"elementor-widget-container\">\n\t\t\t\t\t<h2 class=\"elementor-heading-title elementor-size-default\">5. Responsabilit\u00e9 et Garanties\n<\/h2>\t\t\t\t<\/div>\n\t\t\t\t<\/div>\n\t\t\t\t<div class=\"elementor-element elementor-element-5445fdb elementor-widget elementor-widget-text-editor\" data-id=\"5445fdb\" data-element_type=\"widget\" data-e-type=\"widget\" data-widget_type=\"text-editor.default\">\n\t\t\t\t<div class=\"elementor-widget-container\">\n\t\t\t\t\t\t\t\t\t<p>Ticketgo Tour d\u00e9clare avoir pris des mesures raisonnables pour garantir le bon fonctionnement du site web et l'absence de virus ou d'autres composants nuisibles. Cependant, elle n'est pas responsable de :<\/p><p>(i) La continuit\u00e9 et la disponibilit\u00e9 des Contenus et Services.<\/p><p>(ii) Les erreurs dans les Contenus ou la correction des d\u00e9fauts.<\/p><p>(iii) La pr\u00e9sence de virus ou de composants nuisibles.<\/p><p>(iv) Les dommages caus\u00e9s par des personnes qui violent les syst\u00e8mes de s\u00e9curit\u00e9 de Ticketgo Tour.<br \/>Les contributions sur ce site web sont fournies \u00e0 titre informatif uniquement et Ticketgo Tour ne garantit pas l'exhaustivit\u00e9, l'exactitude ou la mise \u00e0 jour des Contenus.<\/p><p>Ticketgo Tour n'assume aucune responsabilit\u00e9 pour les liens vers d'autres sites web et n'a aucun contr\u00f4le sur eux, de sorte que l'acc\u00e8s \u00e0 ces sites est de la responsabilit\u00e9 de l'utilisateur.<\/p>\t\t\t\t\t\t\t\t<\/div>\n\t\t\t\t<\/div>\n\t\t\t\t<div class=\"elementor-element elementor-element-587fd4d elementor-widget__width-initial elementor-widget elementor-widget-heading\" data-id=\"587fd4d\" data-element_type=\"widget\" data-e-type=\"widget\" data-widget_type=\"heading.default\">\n\t\t\t\t<div class=\"elementor-widget-container\">\n\t\t\t\t\t<h2 class=\"elementor-heading-title elementor-size-default\">6. Liens et Hyperliens\n<\/h2>\t\t\t\t<\/div>\n\t\t\t\t<\/div>\n\t\t<div data-particle_enable=\"false\" data-particle-mobile-disabled=\"false\" class=\"elementor-element elementor-element-bf5084d e-con-full e-flex e-con e-child\" data-id=\"bf5084d\" data-element_type=\"container\" data-e-type=\"container\">\n\t\t\t\t<div class=\"elementor-element elementor-element-0259b5c elementor-widget__width-inherit elementor-widget elementor-widget-text-editor\" data-id=\"0259b5c\" data-element_type=\"widget\" data-e-type=\"widget\" data-widget_type=\"text-editor.default\">\n\t\t\t\t<div class=\"elementor-widget-container\">\n\t\t\t\t\t\t\t\t\t<div class=\"condition\"><div class=\"single__text__box\"><p>Les liens disponibles sur ce site web ont pour seul objectif de fournir des informations suppl\u00e9mentaires aux utilisateurs sur l'existence d'autres sources qui peuvent enrichir les contenus offerts sur ce site web. Ticketgo Tour ne garantit ni ne se porte responsable du fonctionnement ou de l'accessibilit\u00e9 des sites li\u00e9s, ni ne sugg\u00e8re, invite ou recommande de les visiter. Par cons\u00e9quent, Ticketgo Tour n'assume aucune responsabilit\u00e9 pour les r\u00e9sultats obtenus en acc\u00e9dant \u00e0 ces liens, ni pour l'\u00e9tablissement d'hyperliens vers ce site par des tiers.<\/p><p>Ticketgo Tour ne proc\u00e8de pas \u00e0 une r\u00e9vision p\u00e9riodique des contenus li\u00e9s et, en cons\u00e9quence, n'assume aucune responsabilit\u00e9 pour le contenu, les informations ou les services qui peuvent appara\u00eetre sur ces sites li\u00e9s. Ces liens sont fournis \u00e0 titre informatif uniquement et n'impliquent aucune relation entre Ticketgo Tour et les personnes ou entit\u00e9s titulaires des contenus li\u00e9s ou des sites o\u00f9 ils se trouvent. Ticketgo Tour n'est \u00e9galement pas responsable du fonctionnement des sites li\u00e9s ni des \u00e9ventuels dommages r\u00e9sultant de l'acc\u00e8s ou de l'utilisation de ceux-ci.<\/p><p>Les liens vers le site web de Ticketgo Tour doivent respecter les conditions suivantes :<\/p><\/div><div class=\"single__text__box\"><p>a. L'\u00e9tablissement du lien n'implique pas l'existence d'un accord, contrat, parrainage ou recommandation par Ticketgo Tour du site qui \u00e9tablit le lien.<\/p><p>b. Le site web qui \u00e9tablit l'hyperlien ne doit pas contenir d'informations \u00e0 caract\u00e8re illicite, discriminatoire, contraire aux principes \u00e9thiques communs accept\u00e9s ou portant atteinte \u00e0 l'ordre public, ni contenir de contenu portant atteinte aux droits des tiers.<\/p><p>c. Ticketgo Tour peut demander la suppression d'un lien vers son site web \u00e0 tout moment, sans avoir \u00e0 en donner la raison. Dans ce cas, le site ayant \u00e9tabli le lien devra le supprimer imm\u00e9diatement, d\u00e8s r\u00e9ception de la notification de Ticketgo Tour.<\/p><p>d. Ticketgo Tour ne se porte en aucun cas responsable de la qualit\u00e9, de l'exactitude, de la fiabilit\u00e9, de la correction ou de la moralit\u00e9 des contenus ou services offerts par l'\u00e9tablissement de l'hyperlien. L'utilisateur assume la responsabilit\u00e9 exclusive des cons\u00e9quences, dommages ou actions d\u00e9coulant de l'acc\u00e8s au site web de l'hyperlien.<\/p><\/div><\/div>\t\t\t\t\t\t\t\t<\/div>\n\t\t\t\t<\/div>\n\t\t\t\t<\/div>\n\t\t\t\t<\/div>\n\t\t<div data-particle_enable=\"false\" data-particle-mobile-disabled=\"false\" class=\"elementor-element elementor-element-222982b e-con-full e-flex e-con e-child\" data-id=\"222982b\" data-element_type=\"container\" data-e-type=\"container\">\n\t\t\t\t<div class=\"elementor-element elementor-element-cc4a184 elementor-widget__width-initial elementor-widget elementor-widget-heading\" data-id=\"cc4a184\" data-element_type=\"widget\" data-e-type=\"widget\" data-widget_type=\"heading.default\">\n\t\t\t\t<div class=\"elementor-widget-container\">\n\t\t\t\t\t<h3 class=\"elementor-heading-title elementor-size-default\">7. Dur\u00e9e et Modifications\n<\/h3>\t\t\t\t<\/div>\n\t\t\t\t<\/div>\n\t\t\t\t<div class=\"elementor-element elementor-element-ff49b5c elementor-widget elementor-widget-text-editor\" data-id=\"ff49b5c\" data-element_type=\"widget\" data-e-type=\"widget\" data-widget_type=\"text-editor.default\">\n\t\t\t\t<div class=\"elementor-widget-container\">\n\t\t\t\t\t\t\t\t\t<p>Cet Avis L\u00e9gal et les Conditions d'Utilisation sont en vigueur ind\u00e9finiment et peuvent \u00eatre modifi\u00e9s par Ticketgo Tour sans pr\u00e9avis. Les conditions en vigueur s'appliqueront lors de l'acc\u00e8s au site web.<\/p><p>El acceso y uso del sitio\u00a0 web implican la aceptaci\u00f3n de este Aviso Legal y sus condiciones, as\u00ed como cualquier modificaci\u00f3n realizada en el futuro.<\/p>\t\t\t\t\t\t\t\t<\/div>\n\t\t\t\t<\/div>\n\t\t\t\t<\/div>\n\t\t\t\t\t<\/div>\n\t\t\t\t<\/div>\n\t\t\t\t<\/div>","protected":false},"excerpt":{"rendered":"<p>LEGAL Condiciones generales de acceso y utilizaci\u00f3n Aviso Legal TicketGo Tour 1. Informaci\u00f3n Legal Este sitio web, ticketgotour.com (en lo sucesivo, la Web o Ticketgo Tour), pertenece y es operado por TicketGo O\u00dc, con n\u00famero de identificaci\u00f3n fiscal (VAT) EE102695614 y domicilio en Ulemiste, Valukoja 8\/2 C corpus, 2nd floor, Tallinn, 11415, Estonia. La sociedad [&hellip;]<\/p>\n","protected":false},"author":1,"featured_media":0,"parent":0,"menu_order":0,"comment_status":"closed","ping_status":"closed","template":"","meta":{"_acf_changed":false,"inline_featured_image":false,"site-sidebar-layout":"no-sidebar","site-content-layout":"page-builder","ast-site-content-layout":"full-width-container","site-content-style":"default","site-sidebar-style":"default","ast-global-header-display":"","ast-banner-title-visibility":"","ast-main-header-display":"","ast-hfb-above-header-display":"","ast-hfb-below-header-display":"","ast-hfb-mobile-header-display":"","site-post-title":"disabled","ast-breadcrumbs-content":"","ast-featured-img":"disabled","footer-sml-layout":"","theme-transparent-header-meta":"","adv-header-id-meta":"","stick-header-meta":"","header-above-stick-meta":"","header-main-stick-meta":"","header-below-stick-meta":"","astra-migrate-meta-layouts":"set","ast-page-background-enabled":"default","ast-page-background-meta":{"desktop":{"background-color":"","background-image":"","background-repeat":"repeat","background-position":"center center","background-size":"auto","background-attachment":"scroll","background-type":"","background-media":"","overlay-type":"","overlay-color":"","overlay-opacity":"","overlay-gradient":""},"tablet":{"background-color":"","background-image":"","background-repeat":"repeat","background-position":"center center","background-size":"auto","background-attachment":"scroll","background-type":"","background-media":"","overlay-type":"","overlay-color":"","overlay-opacity":"","overlay-gradient":""},"mobile":{"background-color":"","background-image":"","background-repeat":"repeat","background-position":"center center","background-size":"auto","background-attachment":"scroll","background-type":"","background-media":"","overlay-type":"","overlay-color":"","overlay-opacity":"","overlay-gradient":""}},"ast-content-background-meta":{"desktop":{"background-color":"var(--ast-global-color-5)","background-image":"","background-repeat":"repeat","background-position":"center center","background-size":"auto","background-attachment":"scroll","background-type":"","background-media":"","overlay-type":"","overlay-color":"","overlay-opacity":"","overlay-gradient":""},"tablet":{"background-color":"var(--ast-global-color-5)","background-image":"","background-repeat":"repeat","background-position":"center center","background-size":"auto","background-attachment":"scroll","background-type":"","background-media":"","overlay-type":"","overlay-color":"","overlay-opacity":"","overlay-gradient":""},"mobile":{"background-color":"var(--ast-global-color-5)","background-image":"","background-repeat":"repeat","background-position":"center center","background-size":"auto","background-attachment":"scroll","background-type":"","background-media":"","overlay-type":"","overlay-color":"","overlay-opacity":"","overlay-gradient":""}},"footnotes":""},"class_list":["post-2106","page","type-page","status-publish","hentry"],"acf":[],"_links":{"self":[{"href":"https:\/\/ticketgotour.com\/fr\/wp-json\/wp\/v2\/pages\/2106","targetHints":{"allow":["GET"]}}],"collection":[{"href":"https:\/\/ticketgotour.com\/fr\/wp-json\/wp\/v2\/pages"}],"about":[{"href":"https:\/\/ticketgotour.com\/fr\/wp-json\/wp\/v2\/types\/page"}],"author":[{"embeddable":true,"href":"https:\/\/ticketgotour.com\/fr\/wp-json\/wp\/v2\/users\/1"}],"replies":[{"embeddable":true,"href":"https:\/\/ticketgotour.com\/fr\/wp-json\/wp\/v2\/comments?post=2106"}],"version-history":[{"count":16,"href":"https:\/\/ticketgotour.com\/fr\/wp-json\/wp\/v2\/pages\/2106\/revisions"}],"predecessor-version":[{"id":2134,"href":"https:\/\/ticketgotour.com\/fr\/wp-json\/wp\/v2\/pages\/2106\/revisions\/2134"}],"wp:attachment":[{"href":"https:\/\/ticketgotour.com\/fr\/wp-json\/wp\/v2\/media?parent=2106"}],"curies":[{"name":"wp","href":"https:\/\/api.w.org\/{rel}","templated":true}]}}