{"id":821,"date":"2024-07-04T07:26:49","date_gmt":"2024-07-04T05:26:49","guid":{"rendered":"https:\/\/ticketgotour.com\/?page_id=821"},"modified":"2025-04-01T21:25:21","modified_gmt":"2025-04-01T19:25:21","slug":"terminos-y-condiciones","status":"publish","type":"page","link":"https:\/\/ticketgotour.com\/fr\/terminos-y-condiciones\/","title":{"rendered":"Conditions g\u00e9n\u00e9rales d'acc\u00e8s et d'utilisation"},"content":{"rendered":"<div data-elementor-type=\"wp-post\" data-elementor-id=\"821\" class=\"elementor elementor-821\" data-elementor-post-type=\"page\">\n\t\t\t\t\t\t<section data-particle_enable=\"false\" data-particle-mobile-disabled=\"false\" class=\"elementor-section elementor-top-section elementor-element elementor-element-298ec99 elementor-section-content-middle elementor-section-boxed elementor-section-height-default elementor-section-height-default\" data-id=\"298ec99\" data-element_type=\"section\" data-e-type=\"section\" data-settings=\"{&quot;background_background&quot;:&quot;classic&quot;}\">\n\t\t\t\t\t\t\t<div class=\"elementor-background-overlay\"><\/div>\n\t\t\t\t\t\t\t<div class=\"elementor-container elementor-column-gap-no\">\n\t\t\t\t\t<div class=\"elementor-column elementor-col-100 elementor-top-column elementor-element elementor-element-428c03b\" data-id=\"428c03b\" data-element_type=\"column\" data-e-type=\"column\">\n\t\t\t<div class=\"elementor-widget-wrap elementor-element-populated\">\n\t\t\t\t\t\t<div class=\"elementor-element elementor-element-200ec49 elementor-widget elementor-widget-heading\" data-id=\"200ec49\" data-element_type=\"widget\" data-e-type=\"widget\" data-widget_type=\"heading.default\">\n\t\t\t\t<div class=\"elementor-widget-container\">\n\t\t\t\t\t<h1 class=\"elementor-heading-title elementor-size-default\">Conditions g\u00e9n\u00e9rales d'acc\u00e8s et d'utilisation<\/h1>\t\t\t\t<\/div>\n\t\t\t\t<\/div>\n\t\t\t\t\t<\/div>\n\t\t<\/div>\n\t\t\t\t\t<\/div>\n\t\t<\/section>\n\t\t<div data-particle_enable=\"false\" data-particle-mobile-disabled=\"false\" class=\"elementor-element elementor-element-ee65744 e-flex e-con-boxed e-con e-parent\" data-id=\"ee65744\" data-element_type=\"container\" data-e-type=\"container\">\n\t\t\t\t\t<div class=\"e-con-inner\">\n\t\t\t\t<div class=\"elementor-element elementor-element-a81d483 elementor-widget elementor-widget-text-editor\" data-id=\"a81d483\" data-element_type=\"widget\" data-e-type=\"widget\" data-widget_type=\"text-editor.default\">\n\t\t\t\t<div class=\"elementor-widget-container\">\n\t\t\t\t\t\t\t\t\t<div class=\"single__text__box\"><h3 class=\"text-uppercase\">Mentions l\u00e9gales TicketGo Tour<\/h3><\/div><div class=\"condition\"><div class=\"single__text__box\"><h4 class=\"condition__title\">1. Informations L\u00e9gales<\/h4><p>Ce site web, ticketgotour.com (ci-apr\u00e8s le site ou Ticketgo Tour), appartient et est exploit\u00e9 par TicketGo O\u00dc, avec le num\u00e9ro d'identification fiscale (VAT) EE102695614 et situ\u00e9 \u00e0 Harju maakond, Tallinn, Kesklinna linnaosa, Sakala tn 7-2, 10141.<\/p><p>La soci\u00e9t\u00e9 est enregistr\u00e9e au d\u00e9partement des registres du tribunal provincial de Tartu (code de registre 16882835)<\/p><p>Vous pouvez nous contacter par e-mail \u00e0 l'adresse info@ticketgotourism.com<\/p><\/div><\/div><div class=\"condition\"><div class=\"single__text__box\"><h4 class=\"condition__title\">2. Objet du site web<\/h4><p>ticketgotour.com a pour but de fournir aux utilisateurs un service de r\u00e9servation de billets pour Ticketgo Tour de Barcelone.<\/p><\/div><\/div><div class=\"condition\"><div class=\"single__text__box\"><h4 class=\"condition__title\">3. Utilisation du site web<\/h4><p>L'utilisateur assume la responsabilit\u00e9 de l'utilisation de Ticketgo Tour. Le site web donne acc\u00e8s \u00e0 divers contenus, textes, graphiques, photographies et autres mat\u00e9riaux (\"Contenus\") appartenant \u00e0 Ticketgo Tour ou \u00e0 des tiers.<\/p><\/div><div class=\"single__text__box\"><p>L'utilisateur s'engage \u00e0 utiliser les Contenus et Services offerts via le site web de mani\u00e8re appropri\u00e9e et conforme \u00e0 la loi. Cela inclut, entre autres, ne pas les utiliser pour :<\/p><\/div><div class=\"single__text__box\"><p>(i) Participer \u00e0 des activit\u00e9s ill\u00e9gales ou contraires \u00e0 la bonne foi et \u00e0 l'ordre public.<\/p><p>(ii) Causer des dommages aux syst\u00e8mes physiques et logiques de Ticketgo Tour, de ses fournisseurs ou de tiers.<\/p><p>(iii) Introduire ou diffuser des virus informatiques ou d'autres \u00e9l\u00e9ments pouvant causer des dommages similaires.<\/p><p>(iv) Tenter d'acc\u00e9der, d'utiliser ou de manipuler les donn\u00e9es de Ticketgo Tour, de ses fournisseurs ou d'autres utilisateurs.<\/p><p>(v) Reproduire, copier, distribuer ou modifier les Contenus sans l'autorisation de Ticketgo Tour<\/p><p>(vi) Supprimer, masquer ou manipuler les Contenus soumis \u00e0 des droits de propri\u00e9t\u00e9 intellectuelle ou industrielle de Ticketgo Tour ou de tiers, ainsi que les dispositifs techniques de protection ou tout m\u00e9canisme d'information inclus dans les Contenus.<\/p><p>Ticketgo Tour avertit que les mat\u00e9riaux contenus dans ce site web sont fournis uniquement \u00e0 titre informatif et peuvent ne pas \u00eatre suffisants pour prendre des d\u00e9cisions ou assumer des positions dans des cas sp\u00e9cifiques. Les mat\u00e9riaux peuvent ne pas refl\u00e9ter la l\u00e9gislation ou la jurisprudence la plus r\u00e9cente sur les sujets trait\u00e9s et sont sujets \u00e0 modification sans pr\u00e9avis.<\/p><\/div><div class=\"single__text__box\"><p>Ticketgo Tour se r\u00e9serve le droit d'enqu\u00eater et de signaler toute conduite enfreignant la loi et de coop\u00e9rer avec les autorit\u00e9s dans les enqu\u00eates relatives \u00e0 ces conduites.<\/p><\/div><\/div><div class=\"condition\"><div class=\"single__text__box\"><h4 class=\"condition__title\">4. Propri\u00e9t\u00e9 intellectuelle et industrielle<\/h4><p>Tous les droits de propri\u00e9t\u00e9 intellectuelle sur les Contenus et le design graphique du site web sont la propri\u00e9t\u00e9 exclusive de Ticketgo Tour ou de tiers ayant autoris\u00e9 leur utilisation. Ticketgo Tour n'accorde aucune licence ou autorisation pour l'utilisation de ses droits de propri\u00e9t\u00e9 intellectuelle ou industrielle ou tout autre droit li\u00e9 au site web, aux Services ou aux Contenus.<\/p><p>La reproduction et le stockage temporaire des Contenus du site web sont autoris\u00e9s uniquement dans la mesure n\u00e9cessaire pour les visualiser depuis un appareil personnel.<\/p><p>La l\u00e9gitimit\u00e9 des droits de propri\u00e9t\u00e9 intellectuelle ou industrielle sur les Contenus fournis par les utilisateurs est de la seule responsabilit\u00e9 de ceux-ci.<\/p><\/div><\/div><div class=\"condition\"><div class=\"single__text__box\"><h4 class=\"condition__title\">5. Responsabilit\u00e9 et Garanties<\/h4><p>Ticketgo Tour d\u00e9clare avoir pris des mesures raisonnables pour garantir le bon fonctionnement du site web et l'absence de virus ou d'autres composants nuisibles. Cependant, elle n'est pas responsable de :<\/p><\/div><div class=\"single__text__box\"><p>(i) La continuit\u00e9 et la disponibilit\u00e9 des Contenus et Services.<\/p><p>(ii) Les erreurs dans les Contenus ou la correction des d\u00e9fauts.<\/p><p>(iii) La pr\u00e9sence de virus ou de composants nuisibles.<\/p><p>(iv) Les dommages caus\u00e9s par des personnes qui violent les syst\u00e8mes de s\u00e9curit\u00e9 de Ticketgo Tour.<\/p><\/div><div class=\"single__text__box\"><p>Les contributions sur ce site web sont fournies \u00e0 titre informatif uniquement et Ticketgo Tour ne garantit pas l'exhaustivit\u00e9, l'exactitude ou la mise \u00e0 jour des Contenus.<\/p><p>Ticketgo Tour n'assume aucune responsabilit\u00e9 pour les liens vers d'autres sites web et n'a aucun contr\u00f4le sur eux, de sorte que l'acc\u00e8s \u00e0 ces sites est de la responsabilit\u00e9 de l'utilisateur.<\/p><\/div><\/div><div class=\"condition\"><div class=\"single__text__box\"><h4 class=\"condition__title\">6. Liens et Hyperliens<\/h4><p>Les liens disponibles sur ce site web ont pour seul objectif de fournir des informations suppl\u00e9mentaires aux utilisateurs sur l'existence d'autres sources qui peuvent enrichir les contenus offerts sur ce site web. Ticketgo Tour ne garantit ni ne se porte responsable du fonctionnement ou de l'accessibilit\u00e9 des sites li\u00e9s, ni ne sugg\u00e8re, invite ou recommande de les visiter. Par cons\u00e9quent, Ticketgo Tour n'assume aucune responsabilit\u00e9 pour les r\u00e9sultats obtenus en acc\u00e9dant \u00e0 ces liens, ni pour l'\u00e9tablissement d'hyperliens vers ce site par des tiers.<\/p><p>Ticketgo Tour ne proc\u00e8de pas \u00e0 une r\u00e9vision p\u00e9riodique des contenus li\u00e9s et, en cons\u00e9quence, n'assume aucune responsabilit\u00e9 pour le contenu, les informations ou les services qui peuvent appara\u00eetre sur ces sites li\u00e9s. Ces liens sont fournis \u00e0 titre informatif uniquement et n'impliquent aucune relation entre Ticketgo Tour et les personnes ou entit\u00e9s titulaires des contenus li\u00e9s ou des sites o\u00f9 ils se trouvent. Ticketgo Tour n'est \u00e9galement pas responsable du fonctionnement des sites li\u00e9s ni des \u00e9ventuels dommages r\u00e9sultant de l'acc\u00e8s ou de l'utilisation de ceux-ci.<\/p><p>Les liens vers le site web de Ticketgo Tour doivent respecter les conditions suivantes :<\/p><\/div><div class=\"single__text__box\"><p>a. L'\u00e9tablissement du lien n'implique pas l'existence d'un accord, contrat, parrainage ou recommandation par Ticketgo Tour du site qui \u00e9tablit le lien.<\/p><p>b. Le site web qui \u00e9tablit l'hyperlien ne doit pas contenir d'informations \u00e0 caract\u00e8re illicite, discriminatoire, contraire aux principes \u00e9thiques communs accept\u00e9s ou portant atteinte \u00e0 l'ordre public, ni contenir de contenu portant atteinte aux droits des tiers.<\/p><p>c. Ticketgo Tour peut demander la suppression d'un lien vers son site web \u00e0 tout moment, sans avoir \u00e0 en donner la raison. Dans ce cas, le site ayant \u00e9tabli le lien devra le supprimer imm\u00e9diatement, d\u00e8s r\u00e9ception de la notification de Ticketgo Tour.<\/p><p>d. Ticketgo Tour ne se porte en aucun cas responsable de la qualit\u00e9, de l'exactitude, de la fiabilit\u00e9, de la correction ou de la moralit\u00e9 des contenus ou services offerts par l'\u00e9tablissement de l'hyperlien. L'utilisateur assume la responsabilit\u00e9 exclusive des cons\u00e9quences, dommages ou actions d\u00e9coulant de l'acc\u00e8s au site web de l'hyperlien.<\/p><\/div><\/div><div class=\"condition\"><div class=\"single__text__box\"><h4 class=\"condition__title\">7. Dur\u00e9e et Modifications<\/h4><p>Cet Avis L\u00e9gal et les Conditions d'Utilisation sont en vigueur ind\u00e9finiment et peuvent \u00eatre modifi\u00e9s par Ticketgo Tour sans pr\u00e9avis. Les conditions en vigueur s'appliqueront lors de l'acc\u00e8s au site web.<\/p><p>L'acc\u00e8s et l'utilisation du site web impliquent l'acceptation de cet Avis L\u00e9gal et de ses conditions, ainsi que toute modification apport\u00e9e \u00e0 l'avenir.<\/p><\/div><\/div>\t\t\t\t\t\t\t\t<\/div>\n\t\t\t\t<\/div>\n\t\t\t\t\t<\/div>\n\t\t\t\t<\/div>\n\t\t\t\t<\/div>","protected":false},"excerpt":{"rendered":"<p>Aviso Legal TicketGo Tour 1. Informaci\u00f3n Legal Este sitio web, ticketgotour.com (en lo sucesivo la web o Ticketgo Tour), pertenece y es operado por TicketGo O\u00dc, con n\u00famero de identificaci\u00f3n fiscal (VAT) EE102695614 y domicilio en Harju maakond, Tallinn, Kesklinna linnaosa, Sakala tn 7-2, 10141. La sociedad consta inscrita en el departamento de registro del [&hellip;]<\/p>\n","protected":false},"author":1,"featured_media":0,"parent":0,"menu_order":0,"comment_status":"closed","ping_status":"closed","template":"","meta":{"_acf_changed":false,"inline_featured_image":false,"site-sidebar-layout":"no-sidebar","site-content-layout":"page-builder","ast-site-content-layout":"","site-content-style":"default","site-sidebar-style":"default","ast-global-header-display":"","ast-banner-title-visibility":"","ast-main-header-display":"","ast-hfb-above-header-display":"","ast-hfb-below-header-display":"","ast-hfb-mobile-header-display":"","site-post-title":"disabled","ast-breadcrumbs-content":"","ast-featured-img":"disabled","footer-sml-layout":"","theme-transparent-header-meta":"enabled","adv-header-id-meta":"","stick-header-meta":"","header-above-stick-meta":"","header-main-stick-meta":"","header-below-stick-meta":"","astra-migrate-meta-layouts":"default","ast-page-background-enabled":"default","ast-page-background-meta":{"desktop":{"background-color":"","background-image":"","background-repeat":"repeat","background-position":"center center","background-size":"auto","background-attachment":"scroll","background-type":"","background-media":"","overlay-type":"","overlay-color":"","overlay-opacity":"","overlay-gradient":""},"tablet":{"background-color":"","background-image":"","background-repeat":"repeat","background-position":"center center","background-size":"auto","background-attachment":"scroll","background-type":"","background-media":"","overlay-type":"","overlay-color":"","overlay-opacity":"","overlay-gradient":""},"mobile":{"background-color":"","background-image":"","background-repeat":"repeat","background-position":"center center","background-size":"auto","background-attachment":"scroll","background-type":"","background-media":"","overlay-type":"","overlay-color":"","overlay-opacity":"","overlay-gradient":""}},"ast-content-background-meta":{"desktop":{"background-color":"var(--ast-global-color-5)","background-image":"","background-repeat":"repeat","background-position":"center center","background-size":"auto","background-attachment":"scroll","background-type":"","background-media":"","overlay-type":"","overlay-color":"","overlay-opacity":"","overlay-gradient":""},"tablet":{"background-color":"var(--ast-global-color-5)","background-image":"","background-repeat":"repeat","background-position":"center center","background-size":"auto","background-attachment":"scroll","background-type":"","background-media":"","overlay-type":"","overlay-color":"","overlay-opacity":"","overlay-gradient":""},"mobile":{"background-color":"var(--ast-global-color-5)","background-image":"","background-repeat":"repeat","background-position":"center center","background-size":"auto","background-attachment":"scroll","background-type":"","background-media":"","overlay-type":"","overlay-color":"","overlay-opacity":"","overlay-gradient":""}},"footnotes":""},"class_list":["post-821","page","type-page","status-publish","hentry"],"acf":[],"_links":{"self":[{"href":"https:\/\/ticketgotour.com\/fr\/wp-json\/wp\/v2\/pages\/821","targetHints":{"allow":["GET"]}}],"collection":[{"href":"https:\/\/ticketgotour.com\/fr\/wp-json\/wp\/v2\/pages"}],"about":[{"href":"https:\/\/ticketgotour.com\/fr\/wp-json\/wp\/v2\/types\/page"}],"author":[{"embeddable":true,"href":"https:\/\/ticketgotour.com\/fr\/wp-json\/wp\/v2\/users\/1"}],"replies":[{"embeddable":true,"href":"https:\/\/ticketgotour.com\/fr\/wp-json\/wp\/v2\/comments?post=821"}],"version-history":[{"count":29,"href":"https:\/\/ticketgotour.com\/fr\/wp-json\/wp\/v2\/pages\/821\/revisions"}],"predecessor-version":[{"id":2086,"href":"https:\/\/ticketgotour.com\/fr\/wp-json\/wp\/v2\/pages\/821\/revisions\/2086"}],"wp:attachment":[{"href":"https:\/\/ticketgotour.com\/fr\/wp-json\/wp\/v2\/media?parent=821"}],"curies":[{"name":"wp","href":"https:\/\/api.w.org\/{rel}","templated":true}]}}