{"id":829,"date":"2024-07-04T07:30:32","date_gmt":"2024-07-04T05:30:32","guid":{"rendered":"https:\/\/ticketgotour.com\/?page_id=829"},"modified":"2025-04-01T21:32:57","modified_gmt":"2025-04-01T19:32:57","slug":"politica-de-privacidad","status":"publish","type":"page","link":"https:\/\/ticketgotour.com\/fr\/politica-de-privacidad\/","title":{"rendered":"Politique de confidentialit\u00e9"},"content":{"rendered":"<div data-elementor-type=\"wp-post\" data-elementor-id=\"829\" class=\"elementor elementor-829\" data-elementor-post-type=\"page\">\n\t\t\t\t<div data-particle_enable=\"false\" data-particle-mobile-disabled=\"false\" class=\"elementor-element elementor-element-41bf145 e-flex e-con-boxed e-con e-parent\" data-id=\"41bf145\" data-element_type=\"container\" data-e-type=\"container\">\n\t\t\t\t\t<div class=\"e-con-inner\">\n\t\t\t\t<div class=\"elementor-element elementor-element-2aad8c1 elementor-widget elementor-widget-text-editor\" data-id=\"2aad8c1\" data-element_type=\"widget\" data-e-type=\"widget\" data-widget_type=\"text-editor.default\">\n\t\t\t\t<div class=\"elementor-widget-container\">\n\t\t\t\t\t\t\t\t\t<div class=\"single__text__box\"><h3 style=\"text-align: center;\"><a class=\"menu-link\" href=\"https:\/\/ticketgotour.com\/fr\/politica-de-privacidad\/\" rel=\"privacy-policy\" aria-current=\"page\">Politique de confidentialit\u00e9<\/a><\/h3><p class=\"mb-0\">Qui est le responsable de la web?<\/p><p class=\"responsibility\">Responsable: TicketGo O\u00dc<br \/>CIF: EE102695614<br \/>Adresse postale: Harju maakond, Tallinn, Kesklinna linnaosa, Sakala tn 7-2, 10141<br \/>E-mail: info@ticketgotourism.com<\/p><\/div><div class=\"single__text__box\"><h4>Information et consentement<\/h4><p>En lisant cette politique de confidentialit\u00e9, l'utilisateur est inform\u00e9 de la mani\u00e8re dont TicketGo O\u00dc (ci-apr\u00e8s Ticketgo Tour) collecte, traite et prot\u00e8ge les donn\u00e9es personnelles fournies via le site web ticketgotour.com (ci-apr\u00e8s le \"Site Web\"). De plus, elle inclut les donn\u00e9es d\u00e9riv\u00e9es de la navigation et toute autre information pouvant \u00eatre fournie \u00e0 Ticketgo Tour \u00e0 l'avenir. Nous avons r\u00e9dig\u00e9 cette politique pour que vous puissiez comprendre facilement comment vos donn\u00e9es sont trait\u00e9es par Ticketgo Tour.<\/p><p>Si vous avez besoin de clarifications suppl\u00e9mentaires, n'h\u00e9sitez pas \u00e0 nous contacter.<\/p><\/div><div class=\"single__text__box\"><h4>Caract\u00e8re obligatoire de la fourniture des donn\u00e9es<\/h4><p>Les donn\u00e9es demand\u00e9es dans les formulaires du Site Web sont, en g\u00e9n\u00e9ral, obligatoires (sauf indication contraire) pour r\u00e9pondre aux finalit\u00e9s \u00e9tablies. Si ces donn\u00e9es ne sont pas fournies ou sont incorrectes, nous ne pourrons pas r\u00e9pondre ad\u00e9quatement \u00e0 vos demandes.<\/p><\/div><div class=\"single__text__box\"><h4>\u00c0 quelles fins traiterons-nous vos donn\u00e9es personnelles?<\/h4><p>Les donn\u00e9es personnelles collect\u00e9es seront trait\u00e9es par Ticketgo Tour pour les finalit\u00e9s suivantes :<\/p><ol type=\"1\"><li>G\u00e9rer les demandes de contact faites via les canaux disponibles sur le Site Web.<\/li><li>G\u00e9rer les achats effectu\u00e9s sur le Site Web, y compris le paiement et la livraison des billets.<\/li><li>R\u00e9aliser des analyses sur l'utilisation du Site Web et comprendre les pr\u00e9f\u00e9rences et comportements des utilisateurs.<\/li><li>Envoyer des communications commerciales sur les produits et services de Ticketgo Tour, sauf indication contraire en cochant la case correspondante, ou si l'utilisateur s'oppose \u00e0 ce traitement.<\/li><li>Envoyer des communications commerciales (offres, promotions, etc.) sur les produits et services d'entreprises tierces avec lesquelles Ticketgo Tour collabore, si l'utilisateur donne son consentement en cochant la case correspondante.<\/li><li>R\u00e9aliser des analyses des donn\u00e9es utilisateur, en utilisant des sources propres et tierces, pour cr\u00e9er des profils d\u00e9taill\u00e9s des produits d'int\u00e9r\u00eat de l'utilisateur, si cela est autoris\u00e9 en cochant la case correspondante.<\/li><\/ol><\/div><div class=\"single__text__box\"><h4>Pendant combien de temps les donn\u00e9es seront-elles trait\u00e9es?<\/h4><p>Nous conservons vos donn\u00e9es personnelles aussi longtemps que n\u00e9cessaire pour remplir nos obligations l\u00e9gales et pour les finalit\u00e9s mentionn\u00e9es dans cette politique. Si vous souhaitez vous d\u00e9sinscrire de Ticketgo Tour, vous opposer ou r\u00e9voquer votre consentement, vous pouvez le faire \u00e0 tout moment.<\/p><\/div><div class=\"single__text__box\"><h4 class=\"mb-4\">Quelles donn\u00e9es de l'utilisateur seront trait\u00e9es par Ticketgo Tour ?<\/h4><p>Ticketgo Tour traitera les cat\u00e9gories de donn\u00e9es suivantes :<\/p><ul><li>Donn\u00e9es d'identification : nom, pr\u00e9nom, carte nationale d'identit\u00e9 ou num\u00e9ro d'identification d'\u00e9tranger et image.<\/li><li>Donn\u00e9es de contact : adresse e-mail.<\/li><li>Donn\u00e9es de navigation.<\/li><\/ul><p>Si vous fournissez des donn\u00e9es de tiers, vous confirmez que vous avez leur consentement ou l'autorisation n\u00e9cessaire et vous vous engagez \u00e0 les informer de la politique de confidentialit\u00e9. Ticketgo Tour se r\u00e9serve le droit de v\u00e9rifier ces informations, en prenant les mesures n\u00e9cessaires conform\u00e9ment aux lois de protection des donn\u00e9es.<\/p><\/div><div class=\"single__text__box\"><h4>Quelle est la base l\u00e9gale pour le traitement de vos donn\u00e9es ?<\/h4><ul><li>Le traitement des donn\u00e9es pour l'achat de produits via le Site Web est n\u00e9cessaire pour ex\u00e9cuter le contrat entre l'utilisateur et Ticketgo Tour.<\/li><li>Le traitement \u00e0 des fins de marketing est bas\u00e9 sur l'int\u00e9r\u00eat l\u00e9gitime de Ticketgo Tour lorsque l'utilisateur a achet\u00e9 des produits ou services de notre entreprise. En l'absence de cette relation contractuelle, le traitement des donn\u00e9es sera bas\u00e9 sur le consentement de l'utilisateur selon la r\u00e9glementation en vigueur.<\/li><li>Les communications commerciales d'entreprises tierces et la cr\u00e9ation de profils sont bas\u00e9es sur le consentement de l'utilisateur.<\/li><\/ul><\/div><div class=\"single__text__box\"><h4>Avec qui partagerons-nous vos donn\u00e9es ?<\/h4><p>Vos donn\u00e9es peuvent \u00eatre partag\u00e9es avec :<\/p><ul><li>Fournisseurs de billets et services connexes, exclusivement pour g\u00e9rer votre achat.<\/li><li>Entreprises du groupe Ticketgo Tour pour envoyer des communications commerciales, si l'utilisateur en est conscient.<\/li><li>Autorit\u00e9s nationales et\/ou europ\u00e9ennes comp\u00e9tentes selon la loi applicable.<\/li><\/ul><p>Les fournisseurs de Ticketgo Tour peuvent acc\u00e9der \u00e0 vos donn\u00e9es pour remplir les obligations l\u00e9gales et les finalit\u00e9s mentionn\u00e9es ci-dessus. Ces fournisseurs n'utiliseront pas vos donn\u00e9es \u00e0 leurs propres fins sans notification pr\u00e9alable de la part de Ticketgo Tour.<\/p><\/div><div class=\"single__text__box\"><h4>Transferts internationaux<\/h4><p>Nous utilisons Google Analytics 4 pour analyser le trafic du site web. Les adresses IP sont anonymis\u00e9es avant d'\u00eatre trait\u00e9es par Google Analytics. Google peut transf\u00e9rer et stocker des donn\u00e9es sur des serveurs en dehors de l'Union Europ\u00e9enne. Pour plus d'informations sur la confidentialit\u00e9 de Google Analytics, consultez le lien fourni.<\/p><\/div><div class=\"single__text__box\"><h4>Exercice des droits<\/h4><p>Ticketgo Tour garantit l'exercice gratuit de vos droits d'acc\u00e8s, de rectification, de suppression, de limitation, d'opposition et de portabilit\u00e9. Vous pouvez obtenir plus d'informations sur ces droits via le lien fourni. Vous pouvez exercer vos droits via votre profil dans la section GDPR, en modifiant vos donn\u00e9es ou en retirant votre consentement. Vous pouvez \u00e9galement nous \u00e9crire \u00e0 info@ticketgotourism.com en sp\u00e9cifiant le droit que vous souhaitez exercer et en joignant une copie de votre pi\u00e8ce d'identit\u00e9.\u00a0<a class=\"text-decoration-underline\" href=\"mailto:info@ticketgotourism.com\">info@ticketgotourism.com<\/a>\u00a0la sp\u00e9cification du c\u00f4t\u00e9 droit que vous souhaitez exercer et en joignant une copie de votre pi\u00e8ce d&#039;identit\u00e9.<\/p><p>Vous avez le droit de d\u00e9poser une plainte aupr\u00e8s de l'Agence espagnole de protection des donn\u00e9es.<\/p><\/div><div class=\"single__text__box\"><h4>S\u00e9curit\u00e9 et confidentialit\u00e9<\/h4><p>Ticketgo Tour s'engage \u00e0 garantir la s\u00e9curit\u00e9, la confidentialit\u00e9 et le secret de vos donn\u00e9es. Nous avons mis en place des mesures techniques et organisationnelles pour prot\u00e9ger vos donn\u00e9es contre la perte, l'utilisation abusive ou l'acc\u00e8s non autoris\u00e9.<\/p><\/div><div class=\"single__text__box\"><h4>Modifications de la politique<\/h4><p>Ticketgo Tour peut mettre \u00e0 jour cette politique de confidentialit\u00e9 en informant le client si de nouveaux traitements de donn\u00e9es sont introduits ou si des modifications substantielles sont apport\u00e9es. Nous vous recommandons de revoir cette politique p\u00e9riodiquement.<\/p><p>Si une disposition de ces conditions est jug\u00e9e ill\u00e9gale, invalide ou inapplicable par une autorit\u00e9 comp\u00e9tente, elle sera consid\u00e9r\u00e9e comme non valide sans affecter les autres dispositions.<\/p><\/div>\t\t\t\t\t\t\t\t<\/div>\n\t\t\t\t<\/div>\n\t\t\t\t\t<\/div>\n\t\t\t\t<\/div>\n\t\t\t\t<\/div>","protected":false},"excerpt":{"rendered":"<p>Pol\u00edtica de privacidad \u00bfQui\u00e9n es el responsable de la web? Responsable: TicketGo O\u00dcCIF: EE102695614Direcci\u00f3n postal: Harju maakond, Tallinn, Kesklinna linnaosa, Sakala tn 7-2, 10141Correo electr\u00f3nico: info@ticketgotourism.com Informaci\u00f3n y Consentimiento Al leer esta Pol\u00edtica de Privacidad, el usuario queda informado sobre c\u00f3mo TicketGo O\u00dc (en lo sucesivo Ticketgo Tour) recopila, trata y protege los datos personales [&hellip;]<\/p>\n","protected":false},"author":1,"featured_media":0,"parent":0,"menu_order":0,"comment_status":"closed","ping_status":"closed","template":"","meta":{"_acf_changed":false,"inline_featured_image":false,"site-sidebar-layout":"no-sidebar","site-content-layout":"page-builder","ast-site-content-layout":"","site-content-style":"default","site-sidebar-style":"default","ast-global-header-display":"","ast-banner-title-visibility":"","ast-main-header-display":"","ast-hfb-above-header-display":"","ast-hfb-below-header-display":"","ast-hfb-mobile-header-display":"","site-post-title":"disabled","ast-breadcrumbs-content":"","ast-featured-img":"disabled","footer-sml-layout":"","theme-transparent-header-meta":"enabled","adv-header-id-meta":"","stick-header-meta":"","header-above-stick-meta":"","header-main-stick-meta":"","header-below-stick-meta":"","astra-migrate-meta-layouts":"default","ast-page-background-enabled":"default","ast-page-background-meta":{"desktop":{"background-color":"","background-image":"","background-repeat":"repeat","background-position":"center center","background-size":"auto","background-attachment":"scroll","background-type":"","background-media":"","overlay-type":"","overlay-color":"","overlay-opacity":"","overlay-gradient":""},"tablet":{"background-color":"","background-image":"","background-repeat":"repeat","background-position":"center center","background-size":"auto","background-attachment":"scroll","background-type":"","background-media":"","overlay-type":"","overlay-color":"","overlay-opacity":"","overlay-gradient":""},"mobile":{"background-color":"","background-image":"","background-repeat":"repeat","background-position":"center center","background-size":"auto","background-attachment":"scroll","background-type":"","background-media":"","overlay-type":"","overlay-color":"","overlay-opacity":"","overlay-gradient":""}},"ast-content-background-meta":{"desktop":{"background-color":"var(--ast-global-color-5)","background-image":"","background-repeat":"repeat","background-position":"center center","background-size":"auto","background-attachment":"scroll","background-type":"","background-media":"","overlay-type":"","overlay-color":"","overlay-opacity":"","overlay-gradient":""},"tablet":{"background-color":"var(--ast-global-color-5)","background-image":"","background-repeat":"repeat","background-position":"center center","background-size":"auto","background-attachment":"scroll","background-type":"","background-media":"","overlay-type":"","overlay-color":"","overlay-opacity":"","overlay-gradient":""},"mobile":{"background-color":"var(--ast-global-color-5)","background-image":"","background-repeat":"repeat","background-position":"center center","background-size":"auto","background-attachment":"scroll","background-type":"","background-media":"","overlay-type":"","overlay-color":"","overlay-opacity":"","overlay-gradient":""}},"footnotes":""},"class_list":["post-829","page","type-page","status-publish","hentry"],"acf":[],"_links":{"self":[{"href":"https:\/\/ticketgotour.com\/fr\/wp-json\/wp\/v2\/pages\/829","targetHints":{"allow":["GET"]}}],"collection":[{"href":"https:\/\/ticketgotour.com\/fr\/wp-json\/wp\/v2\/pages"}],"about":[{"href":"https:\/\/ticketgotour.com\/fr\/wp-json\/wp\/v2\/types\/page"}],"author":[{"embeddable":true,"href":"https:\/\/ticketgotour.com\/fr\/wp-json\/wp\/v2\/users\/1"}],"replies":[{"embeddable":true,"href":"https:\/\/ticketgotour.com\/fr\/wp-json\/wp\/v2\/comments?post=829"}],"version-history":[{"count":27,"href":"https:\/\/ticketgotour.com\/fr\/wp-json\/wp\/v2\/pages\/829\/revisions"}],"predecessor-version":[{"id":2096,"href":"https:\/\/ticketgotour.com\/fr\/wp-json\/wp\/v2\/pages\/829\/revisions\/2096"}],"wp:attachment":[{"href":"https:\/\/ticketgotour.com\/fr\/wp-json\/wp\/v2\/media?parent=829"}],"curies":[{"name":"wp","href":"https:\/\/api.w.org\/{rel}","templated":true}]}}