{"id":2097,"date":"2025-04-04T18:16:57","date_gmt":"2025-04-04T16:16:57","guid":{"rendered":"https:\/\/ticketgotour.com\/?page_id=2097"},"modified":"2025-04-06T07:19:21","modified_gmt":"2025-04-06T05:19:21","slug":"politica-de-privacidad-2","status":"publish","type":"page","link":"https:\/\/ticketgotour.com\/it\/politica-de-privacidad-2\/","title":{"rendered":"Politica sulla Privacy"},"content":{"rendered":"<div data-elementor-type=\"wp-page\" data-elementor-id=\"2097\" class=\"elementor elementor-2097\" data-elementor-post-type=\"page\">\n\t\t\t\t<div data-particle_enable=\"false\" data-particle-mobile-disabled=\"false\" class=\"elementor-element elementor-element-c5c7255 e-flex e-con-boxed e-con e-parent\" data-id=\"c5c7255\" data-element_type=\"container\" data-e-type=\"container\">\n\t\t\t\t\t<div class=\"e-con-inner\">\n\t\t\t\t<div class=\"elementor-element elementor-element-fa10a09 elementor-widget__width-initial elementor-widget elementor-widget-heading\" data-id=\"fa10a09\" data-element_type=\"widget\" data-e-type=\"widget\" data-widget_type=\"heading.default\">\n\t\t\t\t<div class=\"elementor-widget-container\">\n\t\t\t\t\t<h2 class=\"elementor-heading-title elementor-size-default\">LEGAL<\/h2>\t\t\t\t<\/div>\n\t\t\t\t<\/div>\n\t\t\t\t<div class=\"elementor-element elementor-element-2879ca2 elementor-widget__width-initial elementor-widget elementor-widget-heading\" data-id=\"2879ca2\" data-element_type=\"widget\" data-e-type=\"widget\" data-widget_type=\"heading.default\">\n\t\t\t\t<div class=\"elementor-widget-container\">\n\t\t\t\t\t<h2 class=\"elementor-heading-title elementor-size-default\">Politica sulla Privacy<\/h2>\t\t\t\t<\/div>\n\t\t\t\t<\/div>\n\t\t<div data-particle_enable=\"false\" data-particle-mobile-disabled=\"false\" class=\"elementor-element elementor-element-3ba1d52 e-con-full e-flex e-con e-child\" data-id=\"3ba1d52\" data-element_type=\"container\" data-e-type=\"container\">\n\t\t\t\t<div class=\"elementor-element elementor-element-71f2eab elementor-widget__width-initial elementor-widget elementor-widget-heading\" data-id=\"71f2eab\" data-element_type=\"widget\" data-e-type=\"widget\" data-widget_type=\"heading.default\">\n\t\t\t\t<div class=\"elementor-widget-container\">\n\t\t\t\t\t<h2 class=\"elementor-heading-title elementor-size-default\">Responsabile: TicketGo O\u00dc<br>\nCIF: EE102695614<br>\nDirecci\u00f3n postal: Ulemiste, Valukoja 8\/2 C corpus, 2nd, Tallinn, 11415, Estonia\n<br>E-mail: info@ticketgotourism.com<\/h2>\t\t\t\t<\/div>\n\t\t\t\t<\/div>\n\t\t\t\t<div class=\"elementor-element elementor-element-eb7edf5 elementor-widget__width-initial elementor-widget elementor-widget-heading\" data-id=\"eb7edf5\" data-element_type=\"widget\" data-e-type=\"widget\" data-widget_type=\"heading.default\">\n\t\t\t\t<div class=\"elementor-widget-container\">\n\t\t\t\t\t<h3 class=\"elementor-heading-title elementor-size-default\">Informazioni e Consenso<\/h3>\t\t\t\t<\/div>\n\t\t\t\t<\/div>\n\t\t\t\t<div class=\"elementor-element elementor-element-4f09e8d elementor-widget__width-initial elementor-widget elementor-widget-heading\" data-id=\"4f09e8d\" data-element_type=\"widget\" data-e-type=\"widget\" data-widget_type=\"heading.default\">\n\t\t\t\t<div class=\"elementor-widget-container\">\n\t\t\t\t\t<h2 class=\"elementor-heading-title elementor-size-default\">Al leer esta Pol\u00edtica de Privacidad, el usuario queda informado sobre c\u00f3mo TicketGo O\u00dc (en lo sucesivo Ticketgo Tour) recopila, trata y protege los datos personales que se facilitan a trav\u00e9s del sitio web ticketgotour.com (en adelante, el \u00abSitio Web\u00bb). Adem\u00e1s, se incluyen los datos derivados de la navegaci\u00f3n y cualquier otra informaci\u00f3n que se pueda proporcionar a Ticketgo Tour en el futuro. Hemos redactado esta pol\u00edtica para que puedas entender f\u00e1cilmente c\u00f3mo tus datos son tratados por Ticketgo Tour.\n\nSi necesitas aclaraciones adicionales, no dudes en contactarnos.<\/h2>\t\t\t\t<\/div>\n\t\t\t\t<\/div>\n\t\t\t\t<div class=\"elementor-element elementor-element-816d893 elementor-widget__width-initial elementor-widget elementor-widget-heading\" data-id=\"816d893\" data-element_type=\"widget\" data-e-type=\"widget\" data-widget_type=\"heading.default\">\n\t\t\t\t<div class=\"elementor-widget-container\">\n\t\t\t\t\t<h2 class=\"elementor-heading-title elementor-size-default\">Obbligo di Fornire i Dati<\/h2>\t\t\t\t<\/div>\n\t\t\t\t<\/div>\n\t\t\t\t<div class=\"elementor-element elementor-element-d37a96f elementor-widget__width-initial elementor-widget elementor-widget-heading\" data-id=\"d37a96f\" data-element_type=\"widget\" data-e-type=\"widget\" data-widget_type=\"heading.default\">\n\t\t\t\t<div class=\"elementor-widget-container\">\n\t\t\t\t\t<h2 class=\"elementor-heading-title elementor-size-default\">I dati richiesti nei moduli del Sito Web sono generalmente obbligatori (a meno che non sia specificato diversamente) per adempiere agli obiettivi stabiliti. Se questi dati non vengono forniti o sono errati, non saremo in grado di soddisfare adeguatamente le tue richieste.<\/h2>\t\t\t\t<\/div>\n\t\t\t\t<\/div>\n\t\t\t\t<div class=\"elementor-element elementor-element-d59d84c elementor-widget__width-initial elementor-widget elementor-widget-heading\" data-id=\"d59d84c\" data-element_type=\"widget\" data-e-type=\"widget\" data-widget_type=\"heading.default\">\n\t\t\t\t<div class=\"elementor-widget-container\">\n\t\t\t\t\t<h2 class=\"elementor-heading-title elementor-size-default\">Con Quale Scopo Tratteremo i tuoi Dati Personali?<\/h2>\t\t\t\t<\/div>\n\t\t\t\t<\/div>\n\t\t<div data-particle_enable=\"false\" data-particle-mobile-disabled=\"false\" class=\"elementor-element elementor-element-75b88a8 e-con-full e-flex e-con e-child\" data-id=\"75b88a8\" data-element_type=\"container\" data-e-type=\"container\">\n\t\t\t\t<div class=\"elementor-element elementor-element-b9953c4 elementor-widget__width-initial elementor-widget elementor-widget-text-editor\" data-id=\"b9953c4\" data-element_type=\"widget\" data-e-type=\"widget\" data-widget_type=\"text-editor.default\">\n\t\t\t\t<div class=\"elementor-widget-container\">\n\t\t\t\t\t\t\t\t\t<p>I dati personali raccolti saranno trattati da Ticketgo Tour con le seguenti finalit\u00e0:<\/p><ol type=\"1\"><li>Gestire le richieste di contatto effettuate attraverso i canali disponibili sul Sito Web.<\/li><li>Gestire gli acquisti effettuati sul Sito Web, inclusi il pagamento e la consegna dei biglietti.<\/li><li>Effettuare analisi sull'uso del Sito Web e comprendere le preferenze e i comportamenti degli utenti.<\/li><\/ol>\t\t\t\t\t\t\t\t<\/div>\n\t\t\t\t<\/div>\n\t\t\t\t<div class=\"elementor-element elementor-element-b7d27c1 elementor-widget__width-initial elementor-widget elementor-widget-text-editor\" data-id=\"b7d27c1\" data-element_type=\"widget\" data-e-type=\"widget\" data-widget_type=\"text-editor.default\">\n\t\t\t\t<div class=\"elementor-widget-container\">\n\t\t\t\t\t\t\t\t\t<p>4. Enviar comunicaciones comerciales sobre productos y servicios de Ticketgo Tour a menos que se indique lo contrario marcando la casilla correspondiente, o el usuario se oponga a dicho tratamiento.<\/p><p>5. Enviar comunicaciones comerciales (ofertas, promociones, etc.) sobre productos y servicios de terceras empresas con las que Ticketgo Tour colabora, si el usuario da su consentimiento marcando la casilla correspondiente.<\/p><p>6. Realizar an\u00e1lisis de datos del usuario, utilizando fuentes propias y de terceros, para crear perfiles detallados de los productos de inter\u00e9s del usuario, si se autoriza marcando la casilla correspondiente.<\/p>\t\t\t\t\t\t\t\t<\/div>\n\t\t\t\t<\/div>\n\t\t\t\t<\/div>\n\t\t\t\t<\/div>\n\t\t<div data-particle_enable=\"false\" data-particle-mobile-disabled=\"false\" class=\"elementor-element elementor-element-fa47fff e-con-full e-flex e-con e-child\" data-id=\"fa47fff\" data-element_type=\"container\" data-e-type=\"container\">\n\t\t\t\t<div class=\"elementor-element elementor-element-f2d0d30 elementor-widget__width-initial elementor-widget elementor-widget-heading\" data-id=\"f2d0d30\" data-element_type=\"widget\" data-e-type=\"widget\" data-widget_type=\"heading.default\">\n\t\t\t\t<div class=\"elementor-widget-container\">\n\t\t\t\t\t<h3 class=\"elementor-heading-title elementor-size-default\">Per Quanto Tempo Saranno Trattati i Dati?\n<\/h3>\t\t\t\t<\/div>\n\t\t\t\t<\/div>\n\t\t\t\t<div class=\"elementor-element elementor-element-8c6f63e elementor-widget__width-initial elementor-widget elementor-widget-heading\" data-id=\"8c6f63e\" data-element_type=\"widget\" data-e-type=\"widget\" data-widget_type=\"heading.default\">\n\t\t\t\t<div class=\"elementor-widget-container\">\n\t\t\t\t\t<h2 class=\"elementor-heading-title elementor-size-default\">Conserviamo i tuoi dati personali per il tempo necessario a rispettare i nostri obblighi legali e per gli scopi menzionati in questa politica. Se desideri disiscriverti da Ticketgo Tour, opporti o revocare il tuo consenso, puoi farlo in qualsiasi momento.<\/h2>\t\t\t\t<\/div>\n\t\t\t\t<\/div>\n\t\t\t\t<div class=\"elementor-element elementor-element-bc66df8 elementor-widget__width-initial elementor-widget elementor-widget-heading\" data-id=\"bc66df8\" data-element_type=\"widget\" data-e-type=\"widget\" data-widget_type=\"heading.default\">\n\t\t\t\t<div class=\"elementor-widget-container\">\n\t\t\t\t\t<h2 class=\"elementor-heading-title elementor-size-default\">Quali Dati dell'Utente Saranno Trattati da Ticketgo Tour?\n<\/h2>\t\t\t\t<\/div>\n\t\t\t\t<\/div>\n\t\t\t\t<div class=\"elementor-element elementor-element-5445fdb elementor-widget elementor-widget-text-editor\" data-id=\"5445fdb\" data-element_type=\"widget\" data-e-type=\"widget\" data-widget_type=\"text-editor.default\">\n\t\t\t\t<div class=\"elementor-widget-container\">\n\t\t\t\t\t\t\t\t\t<p>Ticketgo Tour tratter\u00e0 le seguenti categorie di dati:<\/p><ul><li>Dati identificativi: nome, cognome, documento di identit\u00e0 nazionale o numero di identit\u00e0 straniero e immagine.<\/li><li>Dati di contatto: indirizzo email.<\/li><li>Dati di navigazione.<\/li><\/ul><p>Se fornisci dati di terzi, confermi di avere il loro consenso o la legittimazione necessaria e ti impegni a informarli sulla Politica sulla Privacy. Ticketgo Tour si riserva il diritto di verificare queste informazioni, adottando le misure necessarie in conformit\u00e0 con le leggi sulla protezione dei dati.<\/p>\t\t\t\t\t\t\t\t<\/div>\n\t\t\t\t<\/div>\n\t\t\t\t<div class=\"elementor-element elementor-element-587fd4d elementor-widget__width-initial elementor-widget elementor-widget-heading\" data-id=\"587fd4d\" data-element_type=\"widget\" data-e-type=\"widget\" data-widget_type=\"heading.default\">\n\t\t\t\t<div class=\"elementor-widget-container\">\n\t\t\t\t\t<h2 class=\"elementor-heading-title elementor-size-default\">Qual \u00e8 la Base Legale per il Trattamento dei tuoi Dati?\n<\/h2>\t\t\t\t<\/div>\n\t\t\t\t<\/div>\n\t\t<div data-particle_enable=\"false\" data-particle-mobile-disabled=\"false\" class=\"elementor-element elementor-element-bf5084d e-con-full e-flex e-con e-child\" data-id=\"bf5084d\" data-element_type=\"container\" data-e-type=\"container\">\n\t\t\t\t<div class=\"elementor-element elementor-element-0259b5c elementor-widget__width-inherit elementor-widget elementor-widget-text-editor\" data-id=\"0259b5c\" data-element_type=\"widget\" data-e-type=\"widget\" data-widget_type=\"text-editor.default\">\n\t\t\t\t<div class=\"elementor-widget-container\">\n\t\t\t\t\t\t\t\t\t<ul><li>Il trattamento dei dati per l'acquisto di prodotti tramite il Sito Web \u00e8 necessario per adempiere al contratto tra l'utente e Ticketgo Tour.<\/li><li>Il trattamento a scopi di marketing si basa sull'interesse legittimo di Ticketgo Tour quando l'utente ha acquistato prodotti o servizi dalla nostra azienda. In assenza di questo rapporto contrattuale, il trattamento dei dati si baser\u00e0 sul consenso dell'utente secondo la normativa vigente.<\/li><li>Le comunicazioni commerciali di terze aziende e la creazione di profili si basano sul consenso dell'utente.<\/li><\/ul>\t\t\t\t\t\t\t\t<\/div>\n\t\t\t\t<\/div>\n\t\t\t\t<\/div>\n\t\t\t\t<\/div>\n\t\t<div data-particle_enable=\"false\" data-particle-mobile-disabled=\"false\" class=\"elementor-element elementor-element-222982b e-con-full e-flex e-con e-child\" data-id=\"222982b\" data-element_type=\"container\" data-e-type=\"container\">\n\t\t\t\t<div class=\"elementor-element elementor-element-cc4a184 elementor-widget__width-initial elementor-widget elementor-widget-heading\" data-id=\"cc4a184\" data-element_type=\"widget\" data-e-type=\"widget\" data-widget_type=\"heading.default\">\n\t\t\t\t<div class=\"elementor-widget-container\">\n\t\t\t\t\t<h3 class=\"elementor-heading-title elementor-size-default\">Con Chi Condivideremo i Tuoi Dati?\n<\/h3>\t\t\t\t<\/div>\n\t\t\t\t<\/div>\n\t\t\t\t<div class=\"elementor-element elementor-element-ff49b5c elementor-widget elementor-widget-text-editor\" data-id=\"ff49b5c\" data-element_type=\"widget\" data-e-type=\"widget\" data-widget_type=\"text-editor.default\">\n\t\t\t\t<div class=\"elementor-widget-container\">\n\t\t\t\t\t\t\t\t\t<p>I tuoi dati potranno essere condivisi con:<\/p><ul><li>Fornitori di biglietti e servizi correlati, esclusivamente per gestire il tuo acquisto.<\/li><li>Aziende del gruppo Ticketgo Tour per inviare comunicazioni commerciali, se l'utente \u00e8 consapevole.<\/li><li>Autorit\u00e0 nazionali e\/o europee competenti secondo la legge applicabile.<\/li><\/ul><p>I fornitori di Ticketgo Tour potranno accedere ai tuoi dati per adempiere agli obblighi legali e agli scopi menzionati in precedenza. Questi fornitori non utilizzeranno i tuoi dati per i propri scopi senza una preventiva notifica da parte di Ticketgo Tour.<\/p>\t\t\t\t\t\t\t\t<\/div>\n\t\t\t\t<\/div>\n\t\t\t\t<div class=\"elementor-element elementor-element-9801bb6 elementor-widget__width-initial elementor-widget elementor-widget-heading\" data-id=\"9801bb6\" data-element_type=\"widget\" data-e-type=\"widget\" data-widget_type=\"heading.default\">\n\t\t\t\t<div class=\"elementor-widget-container\">\n\t\t\t\t\t<h2 class=\"elementor-heading-title elementor-size-default\">Trasferimenti Internazionali\n<\/h2>\t\t\t\t<\/div>\n\t\t\t\t<\/div>\n\t\t\t\t<div class=\"elementor-element elementor-element-cbe2cc4 elementor-widget__width-initial elementor-widget elementor-widget-heading\" data-id=\"cbe2cc4\" data-element_type=\"widget\" data-e-type=\"widget\" data-widget_type=\"heading.default\">\n\t\t\t\t<div class=\"elementor-widget-container\">\n\t\t\t\t\t<h2 class=\"elementor-heading-title elementor-size-default\">Utilizziamo Google Analytics 4 per analizzare il traffico del sito web. Gli indirizzi IP vengono anonimizzati prima di essere elaborati da Google Analytics. Google pu\u00f2 trasferire e memorizzare i dati su server al di fuori dell'Unione Europea. Per ulteriori informazioni sulla privacy di Google Analytics, consulta il link fornito.\n\n<\/h2>\t\t\t\t<\/div>\n\t\t\t\t<\/div>\n\t\t\t\t<div class=\"elementor-element elementor-element-d62677a elementor-widget__width-initial elementor-widget elementor-widget-heading\" data-id=\"d62677a\" data-element_type=\"widget\" data-e-type=\"widget\" data-widget_type=\"heading.default\">\n\t\t\t\t<div class=\"elementor-widget-container\">\n\t\t\t\t\t<h2 class=\"elementor-heading-title elementor-size-default\">Esercizio dei Diritti\n<\/h2>\t\t\t\t<\/div>\n\t\t\t\t<\/div>\n\t\t<div data-particle_enable=\"false\" data-particle-mobile-disabled=\"false\" class=\"elementor-element elementor-element-43976e4 e-con-full e-flex e-con e-child\" data-id=\"43976e4\" data-element_type=\"container\" data-e-type=\"container\">\n\t\t\t\t<div class=\"elementor-element elementor-element-2c5957e elementor-widget__width-inherit elementor-widget elementor-widget-text-editor\" data-id=\"2c5957e\" data-element_type=\"widget\" data-e-type=\"widget\" data-widget_type=\"text-editor.default\">\n\t\t\t\t<div class=\"elementor-widget-container\">\n\t\t\t\t\t\t\t\t\t<p>Ticketgo Tour garantisce l'esercizio gratuito dei tuoi diritti di accesso, rettifica, cancellazione, limitazione, opposizione e portabilit\u00e0. Puoi ottenere maggiori informazioni su questi diritti nel link fornito. Puoi esercitare i tuoi diritti attraverso il tuo profilo nella sezione GDPR, modificando i tuoi dati o revocando il consenso. Puoi anche scriverci a info@ticketgotourism.com specificando il diritto che desideri esercitare e allegando una copia del tuo documento di identit\u00e0.\u00a0<a class=\"text-decoration-underline\" href=\"mailto:info@ticketgotourism.com\">info@ticketgotourism.com<\/a>\u00a0specificando il diritto che si intende esercitare e allegando copia di un tuo documento di identit\u00e0.<\/p><p>Hai il diritto di presentare un reclamo all'Agenzia Spagnola per la Protezione dei Dati.<\/p>\t\t\t\t\t\t\t\t<\/div>\n\t\t\t\t<\/div>\n\t\t\t\t<\/div>\n\t\t\t\t<\/div>\n\t\t<div data-particle_enable=\"false\" data-particle-mobile-disabled=\"false\" class=\"elementor-element elementor-element-d3e5853 e-con-full e-flex e-con e-child\" data-id=\"d3e5853\" data-element_type=\"container\" data-e-type=\"container\">\n\t\t\t\t<div class=\"elementor-element elementor-element-e5471b2 elementor-widget__width-initial elementor-widget elementor-widget-heading\" data-id=\"e5471b2\" data-element_type=\"widget\" data-e-type=\"widget\" data-widget_type=\"heading.default\">\n\t\t\t\t<div class=\"elementor-widget-container\">\n\t\t\t\t\t<h3 class=\"elementor-heading-title elementor-size-default\">Sicurezza e Riservatezza\n<\/h3>\t\t\t\t<\/div>\n\t\t\t\t<\/div>\n\t\t\t\t<div class=\"elementor-element elementor-element-7b4d4e9 elementor-widget elementor-widget-text-editor\" data-id=\"7b4d4e9\" data-element_type=\"widget\" data-e-type=\"widget\" data-widget_type=\"text-editor.default\">\n\t\t\t\t<div class=\"elementor-widget-container\">\n\t\t\t\t\t\t\t\t\t<div class=\"single__text__box\"><p>Ticketgo Tour si impegna a garantire la sicurezza, il segreto e la riservatezza dei tuoi dati. Abbiamo implementato misure tecniche e organizzative per proteggere i tuoi dati contro perdita, uso improprio o accesso non autorizzato.<\/p><\/div><div class=\"single__text__box\">\u00a0<\/div>\t\t\t\t\t\t\t\t<\/div>\n\t\t\t\t<\/div>\n\t\t\t\t<div class=\"elementor-element elementor-element-9705e41 elementor-widget__width-initial elementor-widget elementor-widget-heading\" data-id=\"9705e41\" data-element_type=\"widget\" data-e-type=\"widget\" data-widget_type=\"heading.default\">\n\t\t\t\t<div class=\"elementor-widget-container\">\n\t\t\t\t\t<h2 class=\"elementor-heading-title elementor-size-default\">Modifiche alla Politica\n<\/h2>\t\t\t\t<\/div>\n\t\t\t\t<\/div>\n\t\t\t\t<div class=\"elementor-element elementor-element-4b5a374 elementor-widget__width-initial elementor-widget elementor-widget-heading\" data-id=\"4b5a374\" data-element_type=\"widget\" data-e-type=\"widget\" data-widget_type=\"heading.default\">\n\t\t\t\t<div class=\"elementor-widget-container\">\n\t\t\t\t\t<h2 class=\"elementor-heading-title elementor-size-default\">Ticketgo Tour puede actualizar esta Pol\u00edtica de Privacidad comunic\u00e1ndoselo al cliente si se introducen nuevos tratamientos de datos o cambios sustanciales. Te recomendamos revisar esta pol\u00edtica peri\u00f3dicamente.\n\nEn caso de que alguna disposici\u00f3n de estas condiciones se declare ilegal, inv\u00e1lida o no aplicable por una entidad competente, se considerar\u00e1 no vigente sin afectar a las dem\u00e1s disposiciones.<\/h2>\t\t\t\t<\/div>\n\t\t\t\t<\/div>\n\t\t\t\t<\/div>\n\t\t\t\t\t<\/div>\n\t\t\t\t<\/div>\n\t\t\t\t<\/div>","protected":false},"excerpt":{"rendered":"<p>LEGAL Pol\u00edtica de privacidad Responsable: TicketGo O\u00dc CIF: EE102695614 Direcci\u00f3n postal: Ulemiste, Valukoja 8\/2 C corpus, 2nd, Tallinn, 11415, Estonia Correo electr\u00f3nico: info@ticketgotourism.com Informaci\u00f3n y Consentimiento Al leer esta Pol\u00edtica de Privacidad, el usuario queda informado sobre c\u00f3mo TicketGo O\u00dc (en lo sucesivo Ticketgo Tour) recopila, trata y protege los datos personales que se facilitan [&hellip;]<\/p>\n","protected":false},"author":1,"featured_media":0,"parent":0,"menu_order":0,"comment_status":"closed","ping_status":"closed","template":"","meta":{"_acf_changed":false,"inline_featured_image":false,"site-sidebar-layout":"no-sidebar","site-content-layout":"page-builder","ast-site-content-layout":"full-width-container","site-content-style":"default","site-sidebar-style":"default","ast-global-header-display":"","ast-banner-title-visibility":"","ast-main-header-display":"","ast-hfb-above-header-display":"","ast-hfb-below-header-display":"","ast-hfb-mobile-header-display":"","site-post-title":"disabled","ast-breadcrumbs-content":"","ast-featured-img":"disabled","footer-sml-layout":"","theme-transparent-header-meta":"","adv-header-id-meta":"","stick-header-meta":"","header-above-stick-meta":"","header-main-stick-meta":"","header-below-stick-meta":"","astra-migrate-meta-layouts":"set","ast-page-background-enabled":"default","ast-page-background-meta":{"desktop":{"background-color":"","background-image":"","background-repeat":"repeat","background-position":"center center","background-size":"auto","background-attachment":"scroll","background-type":"","background-media":"","overlay-type":"","overlay-color":"","overlay-opacity":"","overlay-gradient":""},"tablet":{"background-color":"","background-image":"","background-repeat":"repeat","background-position":"center center","background-size":"auto","background-attachment":"scroll","background-type":"","background-media":"","overlay-type":"","overlay-color":"","overlay-opacity":"","overlay-gradient":""},"mobile":{"background-color":"","background-image":"","background-repeat":"repeat","background-position":"center center","background-size":"auto","background-attachment":"scroll","background-type":"","background-media":"","overlay-type":"","overlay-color":"","overlay-opacity":"","overlay-gradient":""}},"ast-content-background-meta":{"desktop":{"background-color":"var(--ast-global-color-5)","background-image":"","background-repeat":"repeat","background-position":"center center","background-size":"auto","background-attachment":"scroll","background-type":"","background-media":"","overlay-type":"","overlay-color":"","overlay-opacity":"","overlay-gradient":""},"tablet":{"background-color":"var(--ast-global-color-5)","background-image":"","background-repeat":"repeat","background-position":"center center","background-size":"auto","background-attachment":"scroll","background-type":"","background-media":"","overlay-type":"","overlay-color":"","overlay-opacity":"","overlay-gradient":""},"mobile":{"background-color":"var(--ast-global-color-5)","background-image":"","background-repeat":"repeat","background-position":"center center","background-size":"auto","background-attachment":"scroll","background-type":"","background-media":"","overlay-type":"","overlay-color":"","overlay-opacity":"","overlay-gradient":""}},"footnotes":""},"class_list":["post-2097","page","type-page","status-publish","hentry"],"acf":[],"_links":{"self":[{"href":"https:\/\/ticketgotour.com\/it\/wp-json\/wp\/v2\/pages\/2097","targetHints":{"allow":["GET"]}}],"collection":[{"href":"https:\/\/ticketgotour.com\/it\/wp-json\/wp\/v2\/pages"}],"about":[{"href":"https:\/\/ticketgotour.com\/it\/wp-json\/wp\/v2\/types\/page"}],"author":[{"embeddable":true,"href":"https:\/\/ticketgotour.com\/it\/wp-json\/wp\/v2\/users\/1"}],"replies":[{"embeddable":true,"href":"https:\/\/ticketgotour.com\/it\/wp-json\/wp\/v2\/comments?post=2097"}],"version-history":[{"count":10,"href":"https:\/\/ticketgotour.com\/it\/wp-json\/wp\/v2\/pages\/2097\/revisions"}],"predecessor-version":[{"id":2137,"href":"https:\/\/ticketgotour.com\/it\/wp-json\/wp\/v2\/pages\/2097\/revisions\/2137"}],"wp:attachment":[{"href":"https:\/\/ticketgotour.com\/it\/wp-json\/wp\/v2\/media?parent=2097"}],"curies":[{"name":"wp","href":"https:\/\/api.w.org\/{rel}","templated":true}]}}