{"id":2106,"date":"2025-04-05T05:39:43","date_gmt":"2025-04-05T03:39:43","guid":{"rendered":"https:\/\/ticketgotour.com\/?page_id=2106"},"modified":"2025-04-06T07:16:08","modified_gmt":"2025-04-06T05:16:08","slug":"legal","status":"publish","type":"page","link":"https:\/\/ticketgotour.com\/it\/legal\/","title":{"rendered":"Legale"},"content":{"rendered":"<div data-elementor-type=\"wp-page\" data-elementor-id=\"2106\" class=\"elementor elementor-2106\" data-elementor-post-type=\"page\">\n\t\t\t\t<div data-particle_enable=\"false\" data-particle-mobile-disabled=\"false\" class=\"elementor-element elementor-element-c5c7255 e-flex e-con-boxed e-con e-parent\" data-id=\"c5c7255\" data-element_type=\"container\" data-e-type=\"container\">\n\t\t\t\t\t<div class=\"e-con-inner\">\n\t\t\t\t<div class=\"elementor-element elementor-element-fa10a09 elementor-widget__width-initial elementor-widget elementor-widget-heading\" data-id=\"fa10a09\" data-element_type=\"widget\" data-e-type=\"widget\" data-widget_type=\"heading.default\">\n\t\t\t\t<div class=\"elementor-widget-container\">\n\t\t\t\t\t<h2 class=\"elementor-heading-title elementor-size-default\">LEGAL<\/h2>\t\t\t\t<\/div>\n\t\t\t\t<\/div>\n\t\t\t\t<div class=\"elementor-element elementor-element-2879ca2 elementor-widget__width-initial elementor-widget elementor-widget-heading\" data-id=\"2879ca2\" data-element_type=\"widget\" data-e-type=\"widget\" data-widget_type=\"heading.default\">\n\t\t\t\t<div class=\"elementor-widget-container\">\n\t\t\t\t\t<h2 class=\"elementor-heading-title elementor-size-default\">Condizioni generali di accesso e utilizzo\n<\/h2>\t\t\t\t<\/div>\n\t\t\t\t<\/div>\n\t\t<div data-particle_enable=\"false\" data-particle-mobile-disabled=\"false\" class=\"elementor-element elementor-element-3ba1d52 e-con-full e-flex e-con e-child\" data-id=\"3ba1d52\" data-element_type=\"container\" data-e-type=\"container\">\n\t\t\t\t<div class=\"elementor-element elementor-element-eb7edf5 elementor-widget__width-initial elementor-widget elementor-widget-heading\" data-id=\"eb7edf5\" data-element_type=\"widget\" data-e-type=\"widget\" data-widget_type=\"heading.default\">\n\t\t\t\t<div class=\"elementor-widget-container\">\n\t\t\t\t\t<h3 class=\"elementor-heading-title elementor-size-default\">Avviso Legale TicketGo Tour\n\n<\/h3>\t\t\t\t<\/div>\n\t\t\t\t<\/div>\n\t\t\t\t<div class=\"elementor-element elementor-element-b78b127 elementor-widget__width-initial elementor-widget elementor-widget-heading\" data-id=\"b78b127\" data-element_type=\"widget\" data-e-type=\"widget\" data-widget_type=\"heading.default\">\n\t\t\t\t<div class=\"elementor-widget-container\">\n\t\t\t\t\t<h2 class=\"elementor-heading-title elementor-size-default\">1. Informazioni Legali\n<\/h2>\t\t\t\t<\/div>\n\t\t\t\t<\/div>\n\t\t\t\t<div class=\"elementor-element elementor-element-4f09e8d elementor-widget__width-initial elementor-widget elementor-widget-heading\" data-id=\"4f09e8d\" data-element_type=\"widget\" data-e-type=\"widget\" data-widget_type=\"heading.default\">\n\t\t\t\t<div class=\"elementor-widget-container\">\n\t\t\t\t\t<h2 class=\"elementor-heading-title elementor-size-default\">Este sitio web, ticketgotour.com (en lo sucesivo, la Web o Ticketgo Tour), pertenece y es operado por TicketGo O\u00dc, con n\u00famero de identificaci\u00f3n fiscal (VAT) EE102695614 y domicilio en Ulemiste, Valukoja 8\/2 C corpus, 2nd floor, Tallinn, 11415, Estonia.\nLa sociedad consta inscrita en el departamento de registro del Tribunal Provincial de Tartu (c\u00f3digo de registro 16882835).\n\n<br>Puoi contattarci tramite l'indirizzo email info@ticketgotourism.com.<\/br><\/h2>\t\t\t\t<\/div>\n\t\t\t\t<\/div>\n\t\t\t\t<div class=\"elementor-element elementor-element-816d893 elementor-widget__width-initial elementor-widget elementor-widget-heading\" data-id=\"816d893\" data-element_type=\"widget\" data-e-type=\"widget\" data-widget_type=\"heading.default\">\n\t\t\t\t<div class=\"elementor-widget-container\">\n\t\t\t\t\t<h2 class=\"elementor-heading-title elementor-size-default\">2. Scopo del Sito Web\n<\/h2>\t\t\t\t<\/div>\n\t\t\t\t<\/div>\n\t\t\t\t<div class=\"elementor-element elementor-element-d37a96f elementor-widget__width-initial elementor-widget elementor-widget-heading\" data-id=\"d37a96f\" data-element_type=\"widget\" data-e-type=\"widget\" data-widget_type=\"heading.default\">\n\t\t\t\t<div class=\"elementor-widget-container\">\n\t\t\t\t\t<h2 class=\"elementor-heading-title elementor-size-default\">ticketgotour.com ha come obiettivo fornire agli utenti un servizio di prenotazione di biglietti per il Ticketgo Tour di Barcellona.\n\n<\/h2>\t\t\t\t<\/div>\n\t\t\t\t<\/div>\n\t\t\t\t<div class=\"elementor-element elementor-element-d59d84c elementor-widget__width-initial elementor-widget elementor-widget-heading\" data-id=\"d59d84c\" data-element_type=\"widget\" data-e-type=\"widget\" data-widget_type=\"heading.default\">\n\t\t\t\t<div class=\"elementor-widget-container\">\n\t\t\t\t\t<h2 class=\"elementor-heading-title elementor-size-default\">3. Uso del Sito Web\n<\/h2>\t\t\t\t<\/div>\n\t\t\t\t<\/div>\n\t\t<div data-particle_enable=\"false\" data-particle-mobile-disabled=\"false\" class=\"elementor-element elementor-element-75b88a8 e-con-full e-flex e-con e-child\" data-id=\"75b88a8\" data-element_type=\"container\" data-e-type=\"container\">\n\t\t\t\t<div class=\"elementor-element elementor-element-b9953c4 elementor-widget__width-initial elementor-widget elementor-widget-text-editor\" data-id=\"b9953c4\" data-element_type=\"widget\" data-e-type=\"widget\" data-widget_type=\"text-editor.default\">\n\t\t\t\t<div class=\"elementor-widget-container\">\n\t\t\t\t\t\t\t\t\t<p>L'utente assume la responsabilit\u00e0 dell'uso di Ticketgo Tour. Il sito web fornisce accesso a vari contenuti, inclusi testi, grafica, fotografie e altri materiali (\"Contenuti\") appartenenti a Ticketgo Tour o a terzi.<\/p><p>L'utente si impegna a utilizzare i Contenuti e i Servizi offerti attraverso il sito web in modo appropriato e conforme alla legge. Questo include, tra l'altro, il non utilizzarli per:<\/p><p>(i) Partecipare a attivit\u00e0 illegali o contrarie alla buona fede e all'ordine pubblico.<\/p><p>(ii) Causare danni ai sistemi fisici e logici di Ticketgo Tour, dei suoi fornitori o di terzi.<\/p>\t\t\t\t\t\t\t\t<\/div>\n\t\t\t\t<\/div>\n\t\t\t\t<div class=\"elementor-element elementor-element-b7d27c1 elementor-widget__width-initial elementor-widget elementor-widget-text-editor\" data-id=\"b7d27c1\" data-element_type=\"widget\" data-e-type=\"widget\" data-widget_type=\"text-editor.default\">\n\t\t\t\t<div class=\"elementor-widget-container\">\n\t\t\t\t\t\t\t\t\t<p>(iii) Introdurre o diffondere virus informatici o altri elementi che possano causare danni simili.<\/p><p>(iv) Tentare di accedere, utilizzare o manipolare i dati di Ticketgo Tour, dei suoi fornitori o di altri utenti.<\/p><p>(v) Riprodurre, copiare, distribuire o modificare i Contenuti senza l'autorizzazione di Ticketgo Tour.<\/p><p>(vi) Eliminare, nascondere o manipolare i Contenuti soggetti a diritti di propriet\u00e0 intellettuale o industriale di Ticketgo Tour o di terzi, nonch\u00e9 i dispositivi tecnici di protezione o qualsiasi meccanismo di informazione incluso nei Contenuti.<\/p>\t\t\t\t\t\t\t\t<\/div>\n\t\t\t\t<\/div>\n\t\t\t\t<\/div>\n\t\t\t\t<\/div>\n\t\t\t\t<div class=\"elementor-element elementor-element-8c4de11 elementor-widget__width-inherit elementor-widget elementor-widget-heading\" data-id=\"8c4de11\" data-element_type=\"widget\" data-e-type=\"widget\" data-widget_type=\"heading.default\">\n\t\t\t\t<div class=\"elementor-widget-container\">\n\t\t\t\t\t<h2 class=\"elementor-heading-title elementor-size-default\">Ticketgo Tour avverte che i materiali contenuti in questo sito web sono forniti solo a scopo informativo e potrebbero non essere sufficienti per prendere decisioni o assumere posizioni in casi specifici. I materiali potrebbero non riflettere la legislazione o la giurisprudenza pi\u00f9 recente sui temi trattati e sono soggetti a modifiche senza preavviso.\n<br>\nTicketgo Tour si riserva il diritto di indagare e denunciare qualsiasi comportamento che violi la legge e cooperare con le autorit\u00e0 nelle indagini relative a tali comportamenti.\n\n<\/br><\/h2>\t\t\t\t<\/div>\n\t\t\t\t<\/div>\n\t\t<div data-particle_enable=\"false\" data-particle-mobile-disabled=\"false\" class=\"elementor-element elementor-element-fa47fff e-con-full e-flex e-con e-child\" data-id=\"fa47fff\" data-element_type=\"container\" data-e-type=\"container\">\n\t\t\t\t<div class=\"elementor-element elementor-element-f2d0d30 elementor-widget__width-initial elementor-widget elementor-widget-heading\" data-id=\"f2d0d30\" data-element_type=\"widget\" data-e-type=\"widget\" data-widget_type=\"heading.default\">\n\t\t\t\t<div class=\"elementor-widget-container\">\n\t\t\t\t\t<h3 class=\"elementor-heading-title elementor-size-default\">4. Propriet\u00e0 Intellettuale e Industriale\n<\/h3>\t\t\t\t<\/div>\n\t\t\t\t<\/div>\n\t\t\t\t<div class=\"elementor-element elementor-element-8c6f63e elementor-widget__width-initial elementor-widget elementor-widget-heading\" data-id=\"8c6f63e\" data-element_type=\"widget\" data-e-type=\"widget\" data-widget_type=\"heading.default\">\n\t\t\t\t<div class=\"elementor-widget-container\">\n\t\t\t\t\t<h2 class=\"elementor-heading-title elementor-size-default\">Tutti i diritti di propriet\u00e0 intellettuale dei Contenuti e del design grafico del sito web sono di propriet\u00e0 esclusiva di Ticketgo Tour o di terzi che hanno autorizzato il loro uso. Ticketgo Tour non concede alcuna licenza o autorizzazione per l'uso dei suoi diritti di propriet\u00e0 intellettuale o industriale o di qualsiasi altro diritto correlato al sito web, ai Servizi o ai Contenuti.\n<br>\u00c8 consentita la riproduzione e l'archiviazione temporanea dei Contenuti del sito web solo nella misura necessaria per la visualizzazione da un dispositivo personale.<br>La legittimit\u00e0 dei diritti di propriet\u00e0 intellettuale o industriale dei Contenuti forniti dagli utenti \u00e8 responsabilit\u00e0 esclusiva degli stessi.\n\n<\/br><\/h2>\t\t\t\t<\/div>\n\t\t\t\t<\/div>\n\t\t\t\t<div class=\"elementor-element elementor-element-bc66df8 elementor-widget__width-initial elementor-widget elementor-widget-heading\" data-id=\"bc66df8\" data-element_type=\"widget\" data-e-type=\"widget\" data-widget_type=\"heading.default\">\n\t\t\t\t<div class=\"elementor-widget-container\">\n\t\t\t\t\t<h2 class=\"elementor-heading-title elementor-size-default\">5. Responsabilit\u00e0 e Garanzie\n<\/h2>\t\t\t\t<\/div>\n\t\t\t\t<\/div>\n\t\t\t\t<div class=\"elementor-element elementor-element-5445fdb elementor-widget elementor-widget-text-editor\" data-id=\"5445fdb\" data-element_type=\"widget\" data-e-type=\"widget\" data-widget_type=\"text-editor.default\">\n\t\t\t\t<div class=\"elementor-widget-container\">\n\t\t\t\t\t\t\t\t\t<p>Ticketgo Tour dichiara di aver adottato misure ragionevoli per garantire il corretto funzionamento del sito web e l'assenza di virus o altri componenti dannosi. Tuttavia, non si assume la responsabilit\u00e0 per:<\/p><p>(i) La continuit\u00e0 e disponibilit\u00e0 dei Contenuti e dei Servizi.<\/p><p>(ii) Errori nei Contenuti o la correzione di difetti.<\/p><p>(iii) La presenza di virus o componenti dannosi.<\/p><p>(iv) I danni causati da persone che violano i sistemi di sicurezza di Ticketgo Tour.<br \/>Le contribuzioni su questo sito web sono fornite solo a scopo informativo e Ticketgo Tour non garantisce l'integrit\u00e0, l'accuratezza o l'aggiornamento dei Contenuti.<\/p><p>Ticketgo Tour non assume responsabilit\u00e0 per i collegamenti ad altri siti web e non ha controllo su di essi, quindi l'accesso a questi siti \u00e8 responsabilit\u00e0 dell'utente.<\/p>\t\t\t\t\t\t\t\t<\/div>\n\t\t\t\t<\/div>\n\t\t\t\t<div class=\"elementor-element elementor-element-587fd4d elementor-widget__width-initial elementor-widget elementor-widget-heading\" data-id=\"587fd4d\" data-element_type=\"widget\" data-e-type=\"widget\" data-widget_type=\"heading.default\">\n\t\t\t\t<div class=\"elementor-widget-container\">\n\t\t\t\t\t<h2 class=\"elementor-heading-title elementor-size-default\">6.Collegamenti e Iperlink\n<\/h2>\t\t\t\t<\/div>\n\t\t\t\t<\/div>\n\t\t<div data-particle_enable=\"false\" data-particle-mobile-disabled=\"false\" class=\"elementor-element elementor-element-bf5084d e-con-full e-flex e-con e-child\" data-id=\"bf5084d\" data-element_type=\"container\" data-e-type=\"container\">\n\t\t\t\t<div class=\"elementor-element elementor-element-0259b5c elementor-widget__width-inherit elementor-widget elementor-widget-text-editor\" data-id=\"0259b5c\" data-element_type=\"widget\" data-e-type=\"widget\" data-widget_type=\"text-editor.default\">\n\t\t\t\t<div class=\"elementor-widget-container\">\n\t\t\t\t\t\t\t\t\t<div class=\"condition\"><div class=\"single__text__box\"><p>I collegamenti disponibili su questo sito web hanno il solo scopo di fornire informazioni aggiuntive agli utenti sull'esistenza di altre fonti che possono arricchire i contenuti offerti su questo sito web. Ticketgo Tour non garantisce n\u00e9 si assume la responsabilit\u00e0 per il funzionamento o l'accessibilit\u00e0 dei siti collegati, n\u00e9 suggerisce, invita o raccomanda di visitarli. Pertanto, Ticketgo Tour non assume alcuna responsabilit\u00e0 per i risultati ottenuti accedendo a questi collegamenti, n\u00e9 per la creazione di iperlink verso questo sito da parte di terzi.<\/p><p>Ticketgo Tour non esegue una revisione periodica dei contenuti collegati e, di conseguenza, non assume alcuna responsabilit\u00e0 per il contenuto, le informazioni o i servizi che possono apparire su questi siti collegati. Tali collegamenti sono forniti esclusivamente a scopo informativo e non implicano alcuna relazione tra Ticketgo Tour e le persone o entit\u00e0 titolari dei contenuti collegati o i siti in cui si trovano. Ticketgo Tour non \u00e8 responsabile del funzionamento dei siti collegati n\u00e9 dei possibili danni derivanti dall'accesso o uso degli stessi.<\/p><p>I collegamenti al sito web di Ticketgo Tour devono rispettare le seguenti condizioni:<\/p><\/div><div class=\"single__text__box\"><p>a. La creazione del collegamento non implica l'esistenza di un accordo, contratto, sponsorizzazione o raccomandazione da parte di Ticketgo Tour della pagina che effettua il collegamento.<\/p><p>b. La pagina web che stabilisce l'iperlink non deve contenere informazioni con contenuto illecito, discriminatorio, contrario ai principi etici comunemente accettati o che violino l'ordine pubblico, n\u00e9 deve contenere contenuti che violino i diritti di terzi.<\/p><p>c. Ticketgo Tour pu\u00f2 richiedere la rimozione di un collegamento al proprio sito web in qualsiasi momento, senza la necessit\u00e0 di addurre una ragione specifica. In tal caso, la pagina che ha stabilito il collegamento dovr\u00e0 rimuoverlo immediatamente non appena ricever\u00e0 la notifica da parte di Ticketgo Tour.<\/p><p>d. Ticketgo Tour non si assume alcuna responsabilit\u00e0 n\u00e9 garantisce in alcun modo la qualit\u00e0, l'accuratezza, l'affidabilit\u00e0, la correttezza o la moralit\u00e0 dei contenuti o servizi che la creazione dell'iperlink pu\u00f2 offrire. Il proprietario del collegamento assume la responsabilit\u00e0 esclusiva per le conseguenze, danni o azioni dell'utente che possono derivare dall'accesso alla pagina web del collegamento.<\/p><\/div><\/div>\t\t\t\t\t\t\t\t<\/div>\n\t\t\t\t<\/div>\n\t\t\t\t<\/div>\n\t\t\t\t<\/div>\n\t\t<div data-particle_enable=\"false\" data-particle-mobile-disabled=\"false\" class=\"elementor-element elementor-element-222982b e-con-full e-flex e-con e-child\" data-id=\"222982b\" data-element_type=\"container\" data-e-type=\"container\">\n\t\t\t\t<div class=\"elementor-element elementor-element-cc4a184 elementor-widget__width-initial elementor-widget elementor-widget-heading\" data-id=\"cc4a184\" data-element_type=\"widget\" data-e-type=\"widget\" data-widget_type=\"heading.default\">\n\t\t\t\t<div class=\"elementor-widget-container\">\n\t\t\t\t\t<h3 class=\"elementor-heading-title elementor-size-default\">7. Durata e Modifiche\n<\/h3>\t\t\t\t<\/div>\n\t\t\t\t<\/div>\n\t\t\t\t<div class=\"elementor-element elementor-element-ff49b5c elementor-widget elementor-widget-text-editor\" data-id=\"ff49b5c\" data-element_type=\"widget\" data-e-type=\"widget\" data-widget_type=\"text-editor.default\">\n\t\t\t\t<div class=\"elementor-widget-container\">\n\t\t\t\t\t\t\t\t\t<p>Questo Avviso Legale e le Condizioni d'Uso saranno in vigore indefinitamente e possono essere modificati da Ticketgo Tour senza preavviso. Le condizioni vigenti si applicheranno quando l'utente accede al sito web.<\/p><p>El acceso y uso del sitio\u00a0 web implican la aceptaci\u00f3n de este Aviso Legal y sus condiciones, as\u00ed como cualquier modificaci\u00f3n realizada en el futuro.<\/p>\t\t\t\t\t\t\t\t<\/div>\n\t\t\t\t<\/div>\n\t\t\t\t<\/div>\n\t\t\t\t\t<\/div>\n\t\t\t\t<\/div>\n\t\t\t\t<\/div>","protected":false},"excerpt":{"rendered":"<p>LEGAL Condiciones generales de acceso y utilizaci\u00f3n Aviso Legal TicketGo Tour 1. Informaci\u00f3n Legal Este sitio web, ticketgotour.com (en lo sucesivo, la Web o Ticketgo Tour), pertenece y es operado por TicketGo O\u00dc, con n\u00famero de identificaci\u00f3n fiscal (VAT) EE102695614 y domicilio en Ulemiste, Valukoja 8\/2 C corpus, 2nd floor, Tallinn, 11415, Estonia. La sociedad [&hellip;]<\/p>\n","protected":false},"author":1,"featured_media":0,"parent":0,"menu_order":0,"comment_status":"closed","ping_status":"closed","template":"","meta":{"_acf_changed":false,"inline_featured_image":false,"site-sidebar-layout":"no-sidebar","site-content-layout":"page-builder","ast-site-content-layout":"full-width-container","site-content-style":"default","site-sidebar-style":"default","ast-global-header-display":"","ast-banner-title-visibility":"","ast-main-header-display":"","ast-hfb-above-header-display":"","ast-hfb-below-header-display":"","ast-hfb-mobile-header-display":"","site-post-title":"disabled","ast-breadcrumbs-content":"","ast-featured-img":"disabled","footer-sml-layout":"","theme-transparent-header-meta":"","adv-header-id-meta":"","stick-header-meta":"","header-above-stick-meta":"","header-main-stick-meta":"","header-below-stick-meta":"","astra-migrate-meta-layouts":"set","ast-page-background-enabled":"default","ast-page-background-meta":{"desktop":{"background-color":"","background-image":"","background-repeat":"repeat","background-position":"center center","background-size":"auto","background-attachment":"scroll","background-type":"","background-media":"","overlay-type":"","overlay-color":"","overlay-opacity":"","overlay-gradient":""},"tablet":{"background-color":"","background-image":"","background-repeat":"repeat","background-position":"center center","background-size":"auto","background-attachment":"scroll","background-type":"","background-media":"","overlay-type":"","overlay-color":"","overlay-opacity":"","overlay-gradient":""},"mobile":{"background-color":"","background-image":"","background-repeat":"repeat","background-position":"center center","background-size":"auto","background-attachment":"scroll","background-type":"","background-media":"","overlay-type":"","overlay-color":"","overlay-opacity":"","overlay-gradient":""}},"ast-content-background-meta":{"desktop":{"background-color":"var(--ast-global-color-5)","background-image":"","background-repeat":"repeat","background-position":"center center","background-size":"auto","background-attachment":"scroll","background-type":"","background-media":"","overlay-type":"","overlay-color":"","overlay-opacity":"","overlay-gradient":""},"tablet":{"background-color":"var(--ast-global-color-5)","background-image":"","background-repeat":"repeat","background-position":"center center","background-size":"auto","background-attachment":"scroll","background-type":"","background-media":"","overlay-type":"","overlay-color":"","overlay-opacity":"","overlay-gradient":""},"mobile":{"background-color":"var(--ast-global-color-5)","background-image":"","background-repeat":"repeat","background-position":"center center","background-size":"auto","background-attachment":"scroll","background-type":"","background-media":"","overlay-type":"","overlay-color":"","overlay-opacity":"","overlay-gradient":""}},"footnotes":""},"class_list":["post-2106","page","type-page","status-publish","hentry"],"acf":[],"_links":{"self":[{"href":"https:\/\/ticketgotour.com\/it\/wp-json\/wp\/v2\/pages\/2106","targetHints":{"allow":["GET"]}}],"collection":[{"href":"https:\/\/ticketgotour.com\/it\/wp-json\/wp\/v2\/pages"}],"about":[{"href":"https:\/\/ticketgotour.com\/it\/wp-json\/wp\/v2\/types\/page"}],"author":[{"embeddable":true,"href":"https:\/\/ticketgotour.com\/it\/wp-json\/wp\/v2\/users\/1"}],"replies":[{"embeddable":true,"href":"https:\/\/ticketgotour.com\/it\/wp-json\/wp\/v2\/comments?post=2106"}],"version-history":[{"count":16,"href":"https:\/\/ticketgotour.com\/it\/wp-json\/wp\/v2\/pages\/2106\/revisions"}],"predecessor-version":[{"id":2134,"href":"https:\/\/ticketgotour.com\/it\/wp-json\/wp\/v2\/pages\/2106\/revisions\/2134"}],"wp:attachment":[{"href":"https:\/\/ticketgotour.com\/it\/wp-json\/wp\/v2\/media?parent=2106"}],"curies":[{"name":"wp","href":"https:\/\/api.w.org\/{rel}","templated":true}]}}