{"id":821,"date":"2024-07-04T07:26:49","date_gmt":"2024-07-04T05:26:49","guid":{"rendered":"https:\/\/ticketgotour.com\/?page_id=821"},"modified":"2025-04-01T21:25:21","modified_gmt":"2025-04-01T19:25:21","slug":"terminos-y-condiciones","status":"publish","type":"page","link":"https:\/\/ticketgotour.com\/it\/terminos-y-condiciones\/","title":{"rendered":"Condizioni generali di accesso e utilizzo"},"content":{"rendered":"<div data-elementor-type=\"wp-post\" data-elementor-id=\"821\" class=\"elementor elementor-821\" data-elementor-post-type=\"page\">\n\t\t\t\t\t\t<section data-particle_enable=\"false\" data-particle-mobile-disabled=\"false\" class=\"elementor-section elementor-top-section elementor-element elementor-element-298ec99 elementor-section-content-middle elementor-section-boxed elementor-section-height-default elementor-section-height-default\" data-id=\"298ec99\" data-element_type=\"section\" data-e-type=\"section\" data-settings=\"{&quot;background_background&quot;:&quot;classic&quot;}\">\n\t\t\t\t\t\t\t<div class=\"elementor-background-overlay\"><\/div>\n\t\t\t\t\t\t\t<div class=\"elementor-container elementor-column-gap-no\">\n\t\t\t\t\t<div class=\"elementor-column elementor-col-100 elementor-top-column elementor-element elementor-element-428c03b\" data-id=\"428c03b\" data-element_type=\"column\" data-e-type=\"column\">\n\t\t\t<div class=\"elementor-widget-wrap elementor-element-populated\">\n\t\t\t\t\t\t<div class=\"elementor-element elementor-element-200ec49 elementor-widget elementor-widget-heading\" data-id=\"200ec49\" data-element_type=\"widget\" data-e-type=\"widget\" data-widget_type=\"heading.default\">\n\t\t\t\t<div class=\"elementor-widget-container\">\n\t\t\t\t\t<h1 class=\"elementor-heading-title elementor-size-default\">Condizioni generali di accesso e utilizzo<\/h1>\t\t\t\t<\/div>\n\t\t\t\t<\/div>\n\t\t\t\t\t<\/div>\n\t\t<\/div>\n\t\t\t\t\t<\/div>\n\t\t<\/section>\n\t\t<div data-particle_enable=\"false\" data-particle-mobile-disabled=\"false\" class=\"elementor-element elementor-element-ee65744 e-flex e-con-boxed e-con e-parent\" data-id=\"ee65744\" data-element_type=\"container\" data-e-type=\"container\">\n\t\t\t\t\t<div class=\"e-con-inner\">\n\t\t\t\t<div class=\"elementor-element elementor-element-a81d483 elementor-widget elementor-widget-text-editor\" data-id=\"a81d483\" data-element_type=\"widget\" data-e-type=\"widget\" data-widget_type=\"text-editor.default\">\n\t\t\t\t<div class=\"elementor-widget-container\">\n\t\t\t\t\t\t\t\t\t<div class=\"single__text__box\"><h3 class=\"text-uppercase\">Avviso Legale TicketGo Tour<\/h3><\/div><div class=\"condition\"><div class=\"single__text__box\"><h4 class=\"condition__title\">1. Informazioni Legali<\/h4><p>Questo sito web, ticketgotour.com (di seguito il sito web o Ticketgo Tour), appartiene ed \u00e8 gestito da TicketGo O\u00dc, con numero di identificazione fiscale (VAT) EE102695614 e sede legale in Harju maakond, Tallinn, Kesklinna linnaosa, Sakala tn 7-2, 10141.<\/p><p>La societ\u00e0 \u00e8 iscritta nel dipartimento di registrazione del Tribunale Provinciale di Tartu (codice di registrazione 16882835).<\/p><p>Puoi contattarci tramite l'indirizzo email info@ticketgotourism.com.<\/p><\/div><\/div><div class=\"condition\"><div class=\"single__text__box\"><h4 class=\"condition__title\">2. Scopo del Sito Web<\/h4><p>ticketgotour.com ha come obiettivo fornire agli utenti un servizio di prenotazione di biglietti per il Ticketgo Tour di Barcellona.<\/p><\/div><\/div><div class=\"condition\"><div class=\"single__text__box\"><h4 class=\"condition__title\">3. Uso del Sito Web<\/h4><p>L'utente assume la responsabilit\u00e0 dell'uso di Ticketgo Tour. Il sito web fornisce accesso a vari contenuti, inclusi testi, grafica, fotografie e altri materiali (\"Contenuti\") appartenenti a Ticketgo Tour o a terzi.<\/p><\/div><div class=\"single__text__box\"><p>L'utente si impegna a utilizzare i Contenuti e i Servizi offerti attraverso il sito web in modo appropriato e conforme alla legge. Questo include, tra l'altro, il non utilizzarli per:<\/p><\/div><div class=\"single__text__box\"><p>(i) Partecipare a attivit\u00e0 illegali o contrarie alla buona fede e all'ordine pubblico.<\/p><p>(ii) Causare danni ai sistemi fisici e logici di Ticketgo Tour, dei suoi fornitori o di terzi.<\/p><p>(iii) Introdurre o diffondere virus informatici o altri elementi che possano causare danni simili.<\/p><p>(iv) Tentare di accedere, utilizzare o manipolare i dati di Ticketgo Tour, dei suoi fornitori o di altri utenti.<\/p><p>(v) Riprodurre, copiare, distribuire o modificare i Contenuti senza l'autorizzazione di Ticketgo Tour.<\/p><p>(vi) Eliminare, nascondere o manipolare i Contenuti soggetti a diritti di propriet\u00e0 intellettuale o industriale di Ticketgo Tour o di terzi, nonch\u00e9 i dispositivi tecnici di protezione o qualsiasi meccanismo di informazione incluso nei Contenuti.<\/p><p>Ticketgo Tour avverte che i materiali contenuti in questo sito web sono forniti solo a scopo informativo e potrebbero non essere sufficienti per prendere decisioni o assumere posizioni in casi specifici. I materiali potrebbero non riflettere la legislazione o la giurisprudenza pi\u00f9 recente sui temi trattati e sono soggetti a modifiche senza preavviso.<\/p><\/div><div class=\"single__text__box\"><p>Ticketgo Tour si riserva il diritto di indagare e denunciare qualsiasi comportamento che violi la legge e cooperare con le autorit\u00e0 nelle indagini relative a tali comportamenti.<\/p><\/div><\/div><div class=\"condition\"><div class=\"single__text__box\"><h4 class=\"condition__title\">4. Propriet\u00e0 Intellettuale e Industriale<\/h4><p>Tutti i diritti di propriet\u00e0 intellettuale dei Contenuti e del design grafico del sito web sono di propriet\u00e0 esclusiva di Ticketgo Tour o di terzi che hanno autorizzato il loro uso. Ticketgo Tour non concede alcuna licenza o autorizzazione per l'uso dei suoi diritti di propriet\u00e0 intellettuale o industriale o di qualsiasi altro diritto correlato al sito web, ai Servizi o ai Contenuti.<\/p><p>\u00c8 consentita la riproduzione e l'archiviazione temporanea dei Contenuti del sito web solo nella misura necessaria per la visualizzazione da un dispositivo personale.<\/p><p>La legittimit\u00e0 dei diritti di propriet\u00e0 intellettuale o industriale dei Contenuti forniti dagli utenti \u00e8 responsabilit\u00e0 esclusiva degli stessi.<\/p><\/div><\/div><div class=\"condition\"><div class=\"single__text__box\"><h4 class=\"condition__title\">5. Responsabilit\u00e0 e Garanzie<\/h4><p>Ticketgo Tour dichiara di aver adottato misure ragionevoli per garantire il corretto funzionamento del sito web e l'assenza di virus o altri componenti dannosi. Tuttavia, non si assume la responsabilit\u00e0 per:<\/p><\/div><div class=\"single__text__box\"><p>(i) La continuit\u00e0 e disponibilit\u00e0 dei Contenuti e dei Servizi.<\/p><p>(ii) Errori nei Contenuti o la correzione di difetti.<\/p><p>(iii) La presenza di virus o componenti dannosi.<\/p><p>(iv) I danni causati da persone che violano i sistemi di sicurezza di Ticketgo Tour.<\/p><\/div><div class=\"single__text__box\"><p>Le contribuzioni su questo sito web sono fornite solo a scopo informativo e Ticketgo Tour non garantisce l'integrit\u00e0, l'accuratezza o l'aggiornamento dei Contenuti.<\/p><p>Ticketgo Tour non assume responsabilit\u00e0 per i collegamenti ad altri siti web e non ha controllo su di essi, quindi l'accesso a questi siti \u00e8 responsabilit\u00e0 dell'utente.<\/p><\/div><\/div><div class=\"condition\"><div class=\"single__text__box\"><h4 class=\"condition__title\">6.Collegamenti e Iperlink<\/h4><p>I collegamenti disponibili su questo sito web hanno il solo scopo di fornire informazioni aggiuntive agli utenti sull'esistenza di altre fonti che possono arricchire i contenuti offerti su questo sito web. Ticketgo Tour non garantisce n\u00e9 si assume la responsabilit\u00e0 per il funzionamento o l'accessibilit\u00e0 dei siti collegati, n\u00e9 suggerisce, invita o raccomanda di visitarli. Pertanto, Ticketgo Tour non assume alcuna responsabilit\u00e0 per i risultati ottenuti accedendo a questi collegamenti, n\u00e9 per la creazione di iperlink verso questo sito da parte di terzi.<\/p><p>Ticketgo Tour non esegue una revisione periodica dei contenuti collegati e, di conseguenza, non assume alcuna responsabilit\u00e0 per il contenuto, le informazioni o i servizi che possono apparire su questi siti collegati. Tali collegamenti sono forniti esclusivamente a scopo informativo e non implicano alcuna relazione tra Ticketgo Tour e le persone o entit\u00e0 titolari dei contenuti collegati o i siti in cui si trovano. Ticketgo Tour non \u00e8 responsabile del funzionamento dei siti collegati n\u00e9 dei possibili danni derivanti dall'accesso o uso degli stessi.<\/p><p>I collegamenti al sito web di Ticketgo Tour devono rispettare le seguenti condizioni:<\/p><\/div><div class=\"single__text__box\"><p>a. La creazione del collegamento non implica l'esistenza di un accordo, contratto, sponsorizzazione o raccomandazione da parte di Ticketgo Tour della pagina che effettua il collegamento.<\/p><p>b. La pagina web che stabilisce l'iperlink non deve contenere informazioni con contenuto illecito, discriminatorio, contrario ai principi etici comunemente accettati o che violino l'ordine pubblico, n\u00e9 deve contenere contenuti che violino i diritti di terzi.<\/p><p>c. Ticketgo Tour pu\u00f2 richiedere la rimozione di un collegamento al proprio sito web in qualsiasi momento, senza la necessit\u00e0 di addurre una ragione specifica. In tal caso, la pagina che ha stabilito il collegamento dovr\u00e0 rimuoverlo immediatamente non appena ricever\u00e0 la notifica da parte di Ticketgo Tour.<\/p><p>d. Ticketgo Tour non si assume alcuna responsabilit\u00e0 n\u00e9 garantisce in alcun modo la qualit\u00e0, l'accuratezza, l'affidabilit\u00e0, la correttezza o la moralit\u00e0 dei contenuti o servizi che la creazione dell'iperlink pu\u00f2 offrire. Il proprietario del collegamento assume la responsabilit\u00e0 esclusiva per le conseguenze, danni o azioni dell'utente che possono derivare dall'accesso alla pagina web del collegamento.<\/p><\/div><\/div><div class=\"condition\"><div class=\"single__text__box\"><h4 class=\"condition__title\">7. Durata e Modifiche<\/h4><p>Questo Avviso Legale e le Condizioni d'Uso saranno in vigore indefinitamente e possono essere modificati da Ticketgo Tour senza preavviso. Le condizioni vigenti si applicheranno quando l'utente accede al sito web.<\/p><p>L'accesso e l'uso del sito web implicano l'accettazione di questo Avviso Legale e delle sue condizioni, nonch\u00e9 di qualsiasi modifica futura.<\/p><\/div><\/div>\t\t\t\t\t\t\t\t<\/div>\n\t\t\t\t<\/div>\n\t\t\t\t\t<\/div>\n\t\t\t\t<\/div>\n\t\t\t\t<\/div>","protected":false},"excerpt":{"rendered":"<p>Aviso Legal TicketGo Tour 1. Informaci\u00f3n Legal Este sitio web, ticketgotour.com (en lo sucesivo la web o Ticketgo Tour), pertenece y es operado por TicketGo O\u00dc, con n\u00famero de identificaci\u00f3n fiscal (VAT) EE102695614 y domicilio en Harju maakond, Tallinn, Kesklinna linnaosa, Sakala tn 7-2, 10141. La sociedad consta inscrita en el departamento de registro del [&hellip;]<\/p>\n","protected":false},"author":1,"featured_media":0,"parent":0,"menu_order":0,"comment_status":"closed","ping_status":"closed","template":"","meta":{"_acf_changed":false,"inline_featured_image":false,"site-sidebar-layout":"no-sidebar","site-content-layout":"page-builder","ast-site-content-layout":"","site-content-style":"default","site-sidebar-style":"default","ast-global-header-display":"","ast-banner-title-visibility":"","ast-main-header-display":"","ast-hfb-above-header-display":"","ast-hfb-below-header-display":"","ast-hfb-mobile-header-display":"","site-post-title":"disabled","ast-breadcrumbs-content":"","ast-featured-img":"disabled","footer-sml-layout":"","theme-transparent-header-meta":"enabled","adv-header-id-meta":"","stick-header-meta":"","header-above-stick-meta":"","header-main-stick-meta":"","header-below-stick-meta":"","astra-migrate-meta-layouts":"default","ast-page-background-enabled":"default","ast-page-background-meta":{"desktop":{"background-color":"","background-image":"","background-repeat":"repeat","background-position":"center center","background-size":"auto","background-attachment":"scroll","background-type":"","background-media":"","overlay-type":"","overlay-color":"","overlay-opacity":"","overlay-gradient":""},"tablet":{"background-color":"","background-image":"","background-repeat":"repeat","background-position":"center center","background-size":"auto","background-attachment":"scroll","background-type":"","background-media":"","overlay-type":"","overlay-color":"","overlay-opacity":"","overlay-gradient":""},"mobile":{"background-color":"","background-image":"","background-repeat":"repeat","background-position":"center center","background-size":"auto","background-attachment":"scroll","background-type":"","background-media":"","overlay-type":"","overlay-color":"","overlay-opacity":"","overlay-gradient":""}},"ast-content-background-meta":{"desktop":{"background-color":"var(--ast-global-color-5)","background-image":"","background-repeat":"repeat","background-position":"center center","background-size":"auto","background-attachment":"scroll","background-type":"","background-media":"","overlay-type":"","overlay-color":"","overlay-opacity":"","overlay-gradient":""},"tablet":{"background-color":"var(--ast-global-color-5)","background-image":"","background-repeat":"repeat","background-position":"center center","background-size":"auto","background-attachment":"scroll","background-type":"","background-media":"","overlay-type":"","overlay-color":"","overlay-opacity":"","overlay-gradient":""},"mobile":{"background-color":"var(--ast-global-color-5)","background-image":"","background-repeat":"repeat","background-position":"center center","background-size":"auto","background-attachment":"scroll","background-type":"","background-media":"","overlay-type":"","overlay-color":"","overlay-opacity":"","overlay-gradient":""}},"footnotes":""},"class_list":["post-821","page","type-page","status-publish","hentry"],"acf":[],"_links":{"self":[{"href":"https:\/\/ticketgotour.com\/it\/wp-json\/wp\/v2\/pages\/821","targetHints":{"allow":["GET"]}}],"collection":[{"href":"https:\/\/ticketgotour.com\/it\/wp-json\/wp\/v2\/pages"}],"about":[{"href":"https:\/\/ticketgotour.com\/it\/wp-json\/wp\/v2\/types\/page"}],"author":[{"embeddable":true,"href":"https:\/\/ticketgotour.com\/it\/wp-json\/wp\/v2\/users\/1"}],"replies":[{"embeddable":true,"href":"https:\/\/ticketgotour.com\/it\/wp-json\/wp\/v2\/comments?post=821"}],"version-history":[{"count":29,"href":"https:\/\/ticketgotour.com\/it\/wp-json\/wp\/v2\/pages\/821\/revisions"}],"predecessor-version":[{"id":2086,"href":"https:\/\/ticketgotour.com\/it\/wp-json\/wp\/v2\/pages\/821\/revisions\/2086"}],"wp:attachment":[{"href":"https:\/\/ticketgotour.com\/it\/wp-json\/wp\/v2\/media?parent=821"}],"curies":[{"name":"wp","href":"https:\/\/api.w.org\/{rel}","templated":true}]}}