{"id":829,"date":"2024-07-04T07:30:32","date_gmt":"2024-07-04T05:30:32","guid":{"rendered":"https:\/\/ticketgotour.com\/?page_id=829"},"modified":"2025-04-01T21:32:57","modified_gmt":"2025-04-01T19:32:57","slug":"politica-de-privacidad","status":"publish","type":"page","link":"https:\/\/ticketgotour.com\/it\/politica-de-privacidad\/","title":{"rendered":"Politica sulla Privacy"},"content":{"rendered":"<div data-elementor-type=\"wp-post\" data-elementor-id=\"829\" class=\"elementor elementor-829\" data-elementor-post-type=\"page\">\n\t\t\t\t<div data-particle_enable=\"false\" data-particle-mobile-disabled=\"false\" class=\"elementor-element elementor-element-41bf145 e-flex e-con-boxed e-con e-parent\" data-id=\"41bf145\" data-element_type=\"container\" data-e-type=\"container\">\n\t\t\t\t\t<div class=\"e-con-inner\">\n\t\t\t\t<div class=\"elementor-element elementor-element-2aad8c1 elementor-widget elementor-widget-text-editor\" data-id=\"2aad8c1\" data-element_type=\"widget\" data-e-type=\"widget\" data-widget_type=\"text-editor.default\">\n\t\t\t\t<div class=\"elementor-widget-container\">\n\t\t\t\t\t\t\t\t\t<div class=\"single__text__box\"><h3 style=\"text-align: center;\"><a class=\"menu-link\" href=\"https:\/\/ticketgotour.com\/it\/politica-de-privacidad\/\" rel=\"privacy-policy\" aria-current=\"page\">Politica sulla Privacy<\/a><\/h3><p class=\"mb-0\">Chi \u00e8 il responsabile del sito web?<\/p><p class=\"responsibility\">Responsabile: TicketGo O\u00dc<br \/>CIF: EE102695614<br \/>Indirizzo postale: Harju maakond, Tallinn, Kesklinna linnaosa, Sakala tn 7-2, 10141<br \/>E-mail: info@ticketgotourism.com<\/p><\/div><div class=\"single__text__box\"><h4>Informazioni e Consenso<\/h4><p>Leggendo questa Politica sulla Privacy, l'utente viene informato su come TicketGo O\u00dc (di seguito Ticketgo Tour) raccoglie, tratta e protegge i dati personali forniti attraverso il sito web ticketgotour.com (di seguito il \"Sito Web\"). Inoltre, sono inclusi i dati derivati dalla navigazione e qualsiasi altra informazione che possa essere fornita a Ticketgo Tour in futuro. Abbiamo redatto questa politica affinch\u00e9 tu possa comprendere facilmente come i tuoi dati vengono trattati da Ticketgo Tour.<\/p><p>Se hai bisogno di ulteriori chiarimenti, non esitare a contattarci.<\/p><\/div><div class=\"single__text__box\"><h4>Obbligo di Fornire i Dati<\/h4><p>I dati richiesti nei moduli del Sito Web sono generalmente obbligatori (a meno che non sia specificato diversamente) per adempiere agli obiettivi stabiliti. Se questi dati non vengono forniti o sono errati, non saremo in grado di soddisfare adeguatamente le tue richieste.<\/p><\/div><div class=\"single__text__box\"><h4>Con Quale Scopo Tratteremo i tuoi Dati Personali?<\/h4><p>I dati personali raccolti saranno trattati da Ticketgo Tour con le seguenti finalit\u00e0:<\/p><ol type=\"1\"><li>Gestire le richieste di contatto effettuate attraverso i canali disponibili sul Sito Web.<\/li><li>Gestire gli acquisti effettuati sul Sito Web, inclusi il pagamento e la consegna dei biglietti.<\/li><li>Effettuare analisi sull'uso del Sito Web e comprendere le preferenze e i comportamenti degli utenti.<\/li><li>Inviare comunicazioni commerciali sui prodotti e servizi di Ticketgo Tour, a meno che l'utente non indichi diversamente selezionando la casella corrispondente, o si opponga a tale trattamento.<\/li><li>Inviare comunicazioni commerciali (offerte, promozioni, ecc.) sui prodotti e servizi di terze aziende con cui Ticketgo Tour collabora, se l'utente d\u00e0 il proprio consenso selezionando la casella corrispondente.<\/li><li>Effettuare analisi dei dati dell'utente, utilizzando fonti proprie e di terzi, per creare profili dettagliati dei prodotti di interesse dell'utente, se autorizzato selezionando la casella corrispondente.<\/li><\/ol><\/div><div class=\"single__text__box\"><h4>Per Quanto Tempo Saranno Trattati i Dati?<\/h4><p>Conserviamo i tuoi dati personali per il tempo necessario a rispettare i nostri obblighi legali e per gli scopi menzionati in questa politica. Se desideri disiscriverti da Ticketgo Tour, opporti o revocare il tuo consenso, puoi farlo in qualsiasi momento.<\/p><\/div><div class=\"single__text__box\"><h4 class=\"mb-4\">Quali Dati dell'Utente Saranno Trattati da Ticketgo Tour?<\/h4><p>Ticketgo Tour tratter\u00e0 le seguenti categorie di dati:<\/p><ul><li>Dati identificativi: nome, cognome, documento di identit\u00e0 nazionale o numero di identit\u00e0 straniero e immagine.<\/li><li>Dati di contatto: indirizzo email.<\/li><li>Dati di navigazione.<\/li><\/ul><p>Se fornisci dati di terzi, confermi di avere il loro consenso o la legittimazione necessaria e ti impegni a informarli sulla Politica sulla Privacy. Ticketgo Tour si riserva il diritto di verificare queste informazioni, adottando le misure necessarie in conformit\u00e0 con le leggi sulla protezione dei dati.<\/p><\/div><div class=\"single__text__box\"><h4>Qual \u00e8 la Base Legale per il Trattamento dei tuoi Dati?<\/h4><ul><li>Il trattamento dei dati per l'acquisto di prodotti tramite il Sito Web \u00e8 necessario per adempiere al contratto tra l'utente e Ticketgo Tour.<\/li><li>Il trattamento a scopi di marketing si basa sull'interesse legittimo di Ticketgo Tour quando l'utente ha acquistato prodotti o servizi dalla nostra azienda. In assenza di questo rapporto contrattuale, il trattamento dei dati si baser\u00e0 sul consenso dell'utente secondo la normativa vigente.<\/li><li>Le comunicazioni commerciali di terze aziende e la creazione di profili si basano sul consenso dell'utente.<\/li><\/ul><\/div><div class=\"single__text__box\"><h4>Con Chi Condivideremo i Tuoi Dati?<\/h4><p>I tuoi dati potranno essere condivisi con:<\/p><ul><li>Fornitori di biglietti e servizi correlati, esclusivamente per gestire il tuo acquisto.<\/li><li>Aziende del gruppo Ticketgo Tour per inviare comunicazioni commerciali, se l'utente \u00e8 consapevole.<\/li><li>Autorit\u00e0 nazionali e\/o europee competenti secondo la legge applicabile.<\/li><\/ul><p>I fornitori di Ticketgo Tour potranno accedere ai tuoi dati per adempiere agli obblighi legali e agli scopi menzionati in precedenza. Questi fornitori non utilizzeranno i tuoi dati per i propri scopi senza una preventiva notifica da parte di Ticketgo Tour.<\/p><\/div><div class=\"single__text__box\"><h4>Trasferimenti Internazionali<\/h4><p>Utilizziamo Google Analytics 4 per analizzare il traffico del sito web. Gli indirizzi IP vengono anonimizzati prima di essere elaborati da Google Analytics. Google pu\u00f2 trasferire e memorizzare i dati su server al di fuori dell'Unione Europea. Per ulteriori informazioni sulla privacy di Google Analytics, consulta il link fornito.<\/p><\/div><div class=\"single__text__box\"><h4>Esercizio dei Diritti<\/h4><p>Ticketgo Tour garantisce l'esercizio gratuito dei tuoi diritti di accesso, rettifica, cancellazione, limitazione, opposizione e portabilit\u00e0. Puoi ottenere maggiori informazioni su questi diritti nel link fornito. Puoi esercitare i tuoi diritti attraverso il tuo profilo nella sezione GDPR, modificando i tuoi dati o revocando il consenso. Puoi anche scriverci a info@ticketgotourism.com specificando il diritto che desideri esercitare e allegando una copia del tuo documento di identit\u00e0.\u00a0<a class=\"text-decoration-underline\" href=\"mailto:info@ticketgotourism.com\">info@ticketgotourism.com<\/a>\u00a0specificando il diritto che si intende esercitare e allegando copia di un tuo documento di identit\u00e0.<\/p><p>Hai il diritto di presentare un reclamo all'Agenzia Spagnola per la Protezione dei Dati.<\/p><\/div><div class=\"single__text__box\"><h4>Sicurezza e Riservatezza<\/h4><p>Ticketgo Tour si impegna a garantire la sicurezza, il segreto e la riservatezza dei tuoi dati. Abbiamo implementato misure tecniche e organizzative per proteggere i tuoi dati contro perdita, uso improprio o accesso non autorizzato.<\/p><\/div><div class=\"single__text__box\"><h4>Modifiche alla Politica<\/h4><p>Ticketgo Tour pu\u00f2 aggiornare questa Politica sulla Privacy informando il cliente se vengono introdotti nuovi trattamenti di dati o modifiche sostanziali. Ti consigliamo di rivedere periodicamente questa politica.<\/p><p>Nel caso in cui una disposizione di queste condizioni venga dichiarata illegale, invalida o non applicabile da un'entit\u00e0 competente, sar\u00e0 considerata non valida senza influire sulle altre disposizioni.<\/p><\/div>\t\t\t\t\t\t\t\t<\/div>\n\t\t\t\t<\/div>\n\t\t\t\t\t<\/div>\n\t\t\t\t<\/div>\n\t\t\t\t<\/div>","protected":false},"excerpt":{"rendered":"<p>Pol\u00edtica de privacidad \u00bfQui\u00e9n es el responsable de la web? Responsable: TicketGo O\u00dcCIF: EE102695614Direcci\u00f3n postal: Harju maakond, Tallinn, Kesklinna linnaosa, Sakala tn 7-2, 10141Correo electr\u00f3nico: info@ticketgotourism.com Informaci\u00f3n y Consentimiento Al leer esta Pol\u00edtica de Privacidad, el usuario queda informado sobre c\u00f3mo TicketGo O\u00dc (en lo sucesivo Ticketgo Tour) recopila, trata y protege los datos personales [&hellip;]<\/p>\n","protected":false},"author":1,"featured_media":0,"parent":0,"menu_order":0,"comment_status":"closed","ping_status":"closed","template":"","meta":{"_acf_changed":false,"inline_featured_image":false,"site-sidebar-layout":"no-sidebar","site-content-layout":"page-builder","ast-site-content-layout":"","site-content-style":"default","site-sidebar-style":"default","ast-global-header-display":"","ast-banner-title-visibility":"","ast-main-header-display":"","ast-hfb-above-header-display":"","ast-hfb-below-header-display":"","ast-hfb-mobile-header-display":"","site-post-title":"disabled","ast-breadcrumbs-content":"","ast-featured-img":"disabled","footer-sml-layout":"","theme-transparent-header-meta":"enabled","adv-header-id-meta":"","stick-header-meta":"","header-above-stick-meta":"","header-main-stick-meta":"","header-below-stick-meta":"","astra-migrate-meta-layouts":"default","ast-page-background-enabled":"default","ast-page-background-meta":{"desktop":{"background-color":"","background-image":"","background-repeat":"repeat","background-position":"center center","background-size":"auto","background-attachment":"scroll","background-type":"","background-media":"","overlay-type":"","overlay-color":"","overlay-opacity":"","overlay-gradient":""},"tablet":{"background-color":"","background-image":"","background-repeat":"repeat","background-position":"center center","background-size":"auto","background-attachment":"scroll","background-type":"","background-media":"","overlay-type":"","overlay-color":"","overlay-opacity":"","overlay-gradient":""},"mobile":{"background-color":"","background-image":"","background-repeat":"repeat","background-position":"center center","background-size":"auto","background-attachment":"scroll","background-type":"","background-media":"","overlay-type":"","overlay-color":"","overlay-opacity":"","overlay-gradient":""}},"ast-content-background-meta":{"desktop":{"background-color":"var(--ast-global-color-5)","background-image":"","background-repeat":"repeat","background-position":"center center","background-size":"auto","background-attachment":"scroll","background-type":"","background-media":"","overlay-type":"","overlay-color":"","overlay-opacity":"","overlay-gradient":""},"tablet":{"background-color":"var(--ast-global-color-5)","background-image":"","background-repeat":"repeat","background-position":"center center","background-size":"auto","background-attachment":"scroll","background-type":"","background-media":"","overlay-type":"","overlay-color":"","overlay-opacity":"","overlay-gradient":""},"mobile":{"background-color":"var(--ast-global-color-5)","background-image":"","background-repeat":"repeat","background-position":"center center","background-size":"auto","background-attachment":"scroll","background-type":"","background-media":"","overlay-type":"","overlay-color":"","overlay-opacity":"","overlay-gradient":""}},"footnotes":""},"class_list":["post-829","page","type-page","status-publish","hentry"],"acf":[],"_links":{"self":[{"href":"https:\/\/ticketgotour.com\/it\/wp-json\/wp\/v2\/pages\/829","targetHints":{"allow":["GET"]}}],"collection":[{"href":"https:\/\/ticketgotour.com\/it\/wp-json\/wp\/v2\/pages"}],"about":[{"href":"https:\/\/ticketgotour.com\/it\/wp-json\/wp\/v2\/types\/page"}],"author":[{"embeddable":true,"href":"https:\/\/ticketgotour.com\/it\/wp-json\/wp\/v2\/users\/1"}],"replies":[{"embeddable":true,"href":"https:\/\/ticketgotour.com\/it\/wp-json\/wp\/v2\/comments?post=829"}],"version-history":[{"count":27,"href":"https:\/\/ticketgotour.com\/it\/wp-json\/wp\/v2\/pages\/829\/revisions"}],"predecessor-version":[{"id":2096,"href":"https:\/\/ticketgotour.com\/it\/wp-json\/wp\/v2\/pages\/829\/revisions\/2096"}],"wp:attachment":[{"href":"https:\/\/ticketgotour.com\/it\/wp-json\/wp\/v2\/media?parent=829"}],"curies":[{"name":"wp","href":"https:\/\/api.w.org\/{rel}","templated":true}]}}